{"id":14990,"date":"2024-06-27T13:11:25","date_gmt":"2024-06-27T13:11:25","guid":{"rendered":"https:\/\/master.bt-wordpress-enterprise.stage.boko.net\/?page_id=14990"},"modified":"2026-01-12T12:50:20","modified_gmt":"2026-01-12T11:50:20","slug":"integration-von-bookingtime-in-bestehende-applikation","status":"publish","type":"page","link":"https:\/\/www.bookingtime.com\/de\/eps\/cases\/integration-von-bookingtime-in-bestehende-applikation\/","title":{"rendered":"Schnelle Integration trotz ausgelastetem Entwicklerteam"},"content":{"rendered":"\t\t<div data-elementor-type=\"wp-page\" data-elementor-id=\"14990\" class=\"elementor elementor-14990\">\n\t\t\t\t<div class=\"elementor-element elementor-element-9291357 e-flex e-con-boxed e-con e-parent\" data-id=\"9291357\" data-element_type=\"container\" data-e-type=\"container\" data-settings=\"{&quot;background_background&quot;:&quot;classic&quot;}\">\n\t\t\t\t\t<div class=\"e-con-inner\">\n\t\t\t\t<div class=\"elementor-element elementor-element-1ca5e2d elementor-widget__width-initial elementor-mobile-align-center elementor-widget-mobile__width-inherit elementor-widget elementor-widget-button\" data-id=\"1ca5e2d\" data-element_type=\"widget\" data-e-type=\"widget\" data-widget_type=\"button.default\">\n\t\t\t\t<div class=\"elementor-widget-container\">\n\t\t\t\t\t\t\t\t\t<div class=\"elementor-button-wrapper\">\n\t\t\t\t\t<a class=\"elementor-button elementor-button-link elementor-size-sm\" href=\"https:\/\/www.bookingtime.com\/cases\/\">\n\t\t\t\t\t\t<span class=\"elementor-button-content-wrapper\">\n\t\t\t\t\t\t\t\t\t<span class=\"elementor-button-text\">Zu allen Cases<\/span>\n\t\t\t\t\t<\/span>\n\t\t\t\t\t<\/a>\n\t\t\t\t<\/div>\n\t\t\t\t\t\t\t\t<\/div>\n\t\t\t\t<\/div>\n\t\t<div class=\"elementor-element elementor-element-7540611 e-flex e-con-boxed e-con e-child\" data-id=\"7540611\" data-element_type=\"container\" data-e-type=\"container\" data-settings=\"{&quot;background_background&quot;:&quot;classic&quot;}\">\n\t\t\t\t\t<div class=\"e-con-inner\">\n\t\t\t\t<div class=\"elementor-element elementor-element-e736de7 elementor-widget elementor-widget-image\" data-id=\"e736de7\" data-element_type=\"widget\" data-e-type=\"widget\" data-widget_type=\"image.default\">\n\t\t\t\t<div class=\"elementor-widget-container\">\n\t\t\t\t\t\t\t\t\t\t\t\t\t\t\t<img fetchpriority=\"high\" decoding=\"async\" width=\"2560\" height=\"1707\" src=\"https:\/\/www.bookingtime.com\/wp-content\/uploads\/2024\/10\/AdobeStock_535255868-scaled.jpeg\" class=\"attachment-full size-full wp-image-22351\" alt=\"\" srcset=\"https:\/\/www.bookingtime.com\/wp-content\/uploads\/2024\/10\/AdobeStock_535255868-scaled.jpeg 2560w, https:\/\/www.bookingtime.com\/wp-content\/uploads\/2024\/10\/AdobeStock_535255868-300x200.jpeg 300w, https:\/\/www.bookingtime.com\/wp-content\/uploads\/2024\/10\/AdobeStock_535255868-1024x683.jpeg 1024w, https:\/\/www.bookingtime.com\/wp-content\/uploads\/2024\/10\/AdobeStock_535255868-768x512.jpeg 768w, https:\/\/www.bookingtime.com\/wp-content\/uploads\/2024\/10\/AdobeStock_535255868-1536x1024.jpeg 1536w, https:\/\/www.bookingtime.com\/wp-content\/uploads\/2024\/10\/AdobeStock_535255868-2048x1365.jpeg 2048w\" sizes=\"(max-width: 2560px) 100vw, 2560px\" \/>\t\t\t\t\t\t\t\t\t\t\t\t\t\t\t<\/div>\n\t\t\t\t<\/div>\n\t\t<div class=\"elementor-element elementor-element-e013657 e-con-full e-flex e-con e-child\" data-id=\"e013657\" data-element_type=\"container\" data-e-type=\"container\">\n\t\t\t\t<div class=\"elementor-element elementor-element-f653b41 elementor-widget elementor-widget-text-editor\" data-id=\"f653b41\" data-element_type=\"widget\" data-e-type=\"widget\" data-widget_type=\"text-editor.default\">\n\t\t\t\t<div class=\"elementor-widget-container\">\n\t\t\t\t\t\t\t\t\t<h3>Schnelle Integration trotz ausgelastetem Entwicklerteam<\/h3><h6>Ein zweik\u00f6pfiges Entwicklerteam eines Unternehmen integrierte dank bookingtime eine neue Terminsoftware in nur vier Wochen, trotz voller Auslastung und ohne den laufenden Betrieb zu st\u00f6ren. Die schlanken Prozesse und ausf\u00fchrliche Dokumentation von bookingtime erm\u00f6glichten eine kurze Konzeptionsphase und effiziente Umsetzung.<\/h6><h6>\u00a0<\/h6><p><strong style=\"color: var( --e-global-color-text ); font-family: var( --e-global-typography-text-font-family ), Sans-serif; text-align: var(--text-align); font-size: 18px;\">Herausforderung:<\/strong><\/p><p>Das zweik\u00f6pfige Entwicklerteam eines Unternehmens wurde mit der Aufgabe betraut, eine neue Terminsoftware zu integrieren. Die Herausforderung war enorm, da das Entwicklerteam das gesamte Jahr mit Projekten und Tickets ausgebucht war. Trotz dieser Belastung musste die Integration schnell und effizient durchgef\u00fchrt werden, ohne den laufenden Betrieb zu st\u00f6ren.<\/p><p><strong>L\u00f6sung:<\/strong><\/p><p>W\u00e4hrend des initialen Workshops arbeitete bookingtime nur mit dem Projektmanager, dem Softwarearchitekten und einem Techniker zusammen. Dies reichte aus, um alle n\u00f6tigen Informationen und Expertisen zu b\u00fcndeln und den Grundstein f\u00fcr das Projekt zu legen. Die geb\u00fcndelte Expertise erm\u00f6glichte es, die Konzeptionsphase schnell abzuschlie\u00dfen und direkt ins Prototyping \u00fcberzugehen.<\/p><p>Gleichzeitig sorgte die ausf\u00fchrliche Dokumentation f\u00fcr direkte L\u00f6sungen bei aufkommenden Unklarheiten und senkte die Anzahl zus\u00e4tzlich ben\u00f6tigter Meetings zur Aufkl\u00e4rung.<\/p><p><strong>Ergebnis:<\/strong><\/p><p>Mit bookingtime gelang es dem Unternehmen, die Integration der Terminsoftware in k\u00fcrzester Zeit zu realisieren. Interne Prozesse waren darauf ausgelegt, die Konzeptionsphase extrem schlank zu halten.<\/p><p>Dank der initialen Beratungsleistung, die in Form eines Workshops durchgef\u00fchrt wurde, konnte die Konzeptionsphase mit minimalem Aufwand abgeschlossen werden. Was zu einer Projektzeit von nur 4 Wochen f\u00fchrte (inklusive Konzeption, Prototyping, Testphase).<\/p>\t\t\t\t\t\t\t\t<\/div>\n\t\t\t\t<\/div>\n\t\t\t\t<\/div>\n\t\t\t\t\t<\/div>\n\t\t\t\t<\/div>\n\t\t\t\t\t<\/div>\n\t\t\t\t<\/div>\n\t\t\t\t<section class=\"elementor-section elementor-top-section elementor-element elementor-element-b1e1d46 elementor-section-full_width elementor-section-height-default elementor-section-height-default\" data-id=\"b1e1d46\" data-element_type=\"section\" data-e-type=\"section\" data-settings=\"{&quot;background_background&quot;:&quot;classic&quot;}\">\n\t\t\t\t\t\t<div class=\"elementor-container elementor-column-gap-default\">\n\t\t\t\t\t<div class=\"elementor-column elementor-col-100 elementor-top-column elementor-element elementor-element-5ee3dc5\" data-id=\"5ee3dc5\" data-element_type=\"column\" data-e-type=\"column\" data-settings=\"{&quot;background_background&quot;:&quot;classic&quot;}\">\n\t\t\t<div class=\"elementor-widget-wrap elementor-element-populated\">\n\t\t\t\t\t\t<section class=\"elementor-section elementor-inner-section elementor-element elementor-element-9d872ce elementor-section-content-middle elementor-section-boxed elementor-section-height-default elementor-section-height-default\" data-id=\"9d872ce\" data-element_type=\"section\" data-e-type=\"section\">\n\t\t\t\t\t\t<div class=\"elementor-container elementor-column-gap-default\">\n\t\t\t\t\t<div class=\"elementor-column elementor-col-50 elementor-inner-column elementor-element elementor-element-d22a182\" data-id=\"d22a182\" data-element_type=\"column\" data-e-type=\"column\">\n\t\t\t<div class=\"elementor-widget-wrap elementor-element-populated\">\n\t\t\t\t\t\t<div class=\"elementor-element elementor-element-cc19430 elementor-widget elementor-widget-heading\" data-id=\"cc19430\" data-element_type=\"widget\" data-e-type=\"widget\" data-widget_type=\"heading.default\">\n\t\t\t\t<div class=\"elementor-widget-container\">\n\t\t\t\t\t<h2 class=\"elementor-heading-title elementor-size-default\">\/\/ Sie k\u00f6nnen sich mit den Cases identifizieren?<\/h2>\t\t\t\t<\/div>\n\t\t\t\t<\/div>\n\t\t\t\t<div class=\"elementor-element elementor-element-561d669 elementor-widget elementor-widget-heading\" data-id=\"561d669\" data-element_type=\"widget\" data-e-type=\"widget\" data-widget_type=\"heading.default\">\n\t\t\t\t<div class=\"elementor-widget-container\">\n\t\t\t\t\t<h2 class=\"elementor-heading-title elementor-size-default\">Kommen Sie on Bord und schreiben Sie Geschichte.<\/h2>\t\t\t\t<\/div>\n\t\t\t\t<\/div>\n\t\t\t\t\t<\/div>\n\t\t<\/div>\n\t\t\t\t<div class=\"elementor-column elementor-col-50 elementor-inner-column elementor-element elementor-element-fd4506c\" data-id=\"fd4506c\" data-element_type=\"column\" data-e-type=\"column\">\n\t\t\t<div class=\"elementor-widget-wrap elementor-element-populated\">\n\t\t\t\t\t\t<div class=\"elementor-element elementor-element-fb593aa elementor-widget elementor-widget-calltoaction\" data-id=\"fb593aa\" data-element_type=\"widget\" data-e-type=\"widget\" data-widget_type=\"calltoaction.default\">\n\t\t\t\t<div class=\"elementor-widget-container\">\n\t\t\t\t\t\r\n\t\t\r\n\t\t\t<div class=\"call-to-action style-one\">\r\n\t\t\t\t<div class=\"call-to-video\">\r\n\r\n\t\t\t\t\t\r\n\t\t\t\t<\/div>\r\n\r\n\t\t\t\t<div class=\"single_call-to-action_text\">\r\n\t\t\t\t\t<div class=\"call-to-action_top_text\">\r\n\t\t\t\t\t\t<div class=\"call-to-action-title\">\r\n\t\t\t\t\t\t\t<span class=\"subtitlespan\"><h3><\/h3><\/span>\r\n\t\t\t\t\t\t\t<h2><\/h2>\r\n\t\t\t\t\t\t<\/div>\r\n\t\t\t\t\t<\/div>\r\n\t\t\t\t\t<div class=\"call-to-action-inner\">\r\n\t\t\t\t\t\t<div class=\"call-to-action-desc\">\r\n\t\t\t\t\t\t\t<p><\/p>\r\n\t\t\t\t\t\t<\/div>\r\n\t\t\t\t\t<\/div>\r\n\r\n\t\t\t\t\t\t\t\t\t\t<div class=\"call-to-action-btn\">\r\n\t\t\t\t\t\t<a  target=\"_blank\" href=\"https:\/\/app.bookingtime.com\/setup\">Kostenlos testen<\/a>\r\n\t\t\t\t\t<\/div>\r\n\t\t\t\t\t\t\t\t\t<\/div>\r\n\t\t\t<\/div>\r\n\r\n\t\t\r\n\t\t\t\t\t\t<\/div>\n\t\t\t\t<\/div>\n\t\t\t\t\t<\/div>\n\t\t<\/div>\n\t\t\t\t\t<\/div>\n\t\t<\/section>\n\t\t\t\t\t<\/div>\n\t\t<\/div>\n\t\t\t\t\t<\/div>\n\t\t<\/section>\n\t\t\t\t<\/div>\n\t\t","protected":false},"excerpt":{"rendered":"<p>Zu allen Cases Schnelle Integration trotz ausgelastetem Entwicklerteam Ein zweik\u00f6pfiges Entwicklerteam eines Unternehmen integrierte dank bookingtime eine neue Terminsoftware in nur vier Wochen, trotz voller Auslastung und ohne den laufenden Betrieb zu st\u00f6ren. Die schlanken Prozesse und ausf\u00fchrliche Dokumentation von bookingtime erm\u00f6glichten eine kurze Konzeptionsphase und effiziente Umsetzung. \u00a0 Herausforderung: Das zweik\u00f6pfige Entwicklerteam eines Unternehmens [&hellip;]<\/p>\n","protected":false},"author":5,"featured_media":26633,"parent":14180,"menu_order":0,"comment_status":"closed","ping_status":"closed","template":"page-templates\/template-default.php","meta":{"footnotes":""},"class_list":["post-14990","page","type-page","status-publish","has-post-thumbnail","hentry"],"yoast_head":"<!-- This site is optimized with the Yoast SEO plugin v26.9 - https:\/\/yoast.com\/product\/yoast-seo-wordpress\/ -->\n<title>Schnelle Integration trotz ausgelastetem Entwicklerteam - bookingtime<\/title>\n<meta name=\"robots\" content=\"index, follow, max-snippet:-1, max-image-preview:large, max-video-preview:-1\" \/>\n<link rel=\"canonical\" href=\"https:\/\/www.bookingtime.com\/de\/eps\/cases\/integration-von-bookingtime-in-bestehende-applikation\/\" \/>\n<meta property=\"og:locale\" content=\"de_DE\" \/>\n<meta property=\"og:type\" content=\"article\" \/>\n<meta property=\"og:title\" content=\"Schnelle Integration trotz ausgelastetem Entwicklerteam - bookingtime\" \/>\n<meta property=\"og:description\" content=\"Zu allen Cases Schnelle Integration trotz ausgelastetem Entwicklerteam Ein zweik\u00f6pfiges Entwicklerteam eines Unternehmen integrierte dank bookingtime eine neue Terminsoftware in nur vier Wochen, trotz voller Auslastung und ohne den laufenden Betrieb zu st\u00f6ren. Die schlanken Prozesse und ausf\u00fchrliche Dokumentation von bookingtime erm\u00f6glichten eine kurze Konzeptionsphase und effiziente Umsetzung. \u00a0 Herausforderung: Das zweik\u00f6pfige Entwicklerteam eines Unternehmens [&hellip;]\" \/>\n<meta property=\"og:url\" content=\"https:\/\/www.bookingtime.com\/de\/eps\/cases\/integration-von-bookingtime-in-bestehende-applikation\/\" \/>\n<meta property=\"og:site_name\" content=\"bookingtime\" \/>\n<meta property=\"article:modified_time\" content=\"2026-01-12T11:50:20+00:00\" \/>\n<meta property=\"og:image\" content=\"https:\/\/www.bookingtime.com\/wp-content\/uploads\/2026\/01\/bookingtime_logo_og.jpg\" \/>\n\t<meta property=\"og:image:width\" content=\"1200\" \/>\n\t<meta property=\"og:image:height\" content=\"630\" \/>\n\t<meta property=\"og:image:type\" content=\"image\/jpeg\" \/>\n<meta name=\"twitter:card\" content=\"summary_large_image\" \/>\n<meta name=\"twitter:label1\" content=\"Gesch\u00e4tzte Lesezeit\" \/>\n\t<meta name=\"twitter:data1\" content=\"2\u00a0Minuten\" \/>\n<script type=\"application\/ld+json\" class=\"yoast-schema-graph\">{\"@context\":\"https:\/\/schema.org\",\"@graph\":[{\"@type\":\"WebPage\",\"@id\":\"https:\/\/www.bookingtime.com\/de\/eps\/cases\/integration-von-bookingtime-in-bestehende-applikation\/\",\"url\":\"https:\/\/www.bookingtime.com\/de\/eps\/cases\/integration-von-bookingtime-in-bestehende-applikation\/\",\"name\":\"Schnelle Integration trotz ausgelastetem Entwicklerteam - bookingtime\",\"isPartOf\":{\"@id\":\"https:\/\/www.bookingtime.com\/de\/#website\"},\"primaryImageOfPage\":{\"@id\":\"https:\/\/www.bookingtime.com\/de\/eps\/cases\/integration-von-bookingtime-in-bestehende-applikation\/#primaryimage\"},\"image\":{\"@id\":\"https:\/\/www.bookingtime.com\/de\/eps\/cases\/integration-von-bookingtime-in-bestehende-applikation\/#primaryimage\"},\"thumbnailUrl\":\"https:\/\/www.bookingtime.com\/wp-content\/uploads\/2026\/01\/bookingtime_logo_og.jpg\",\"datePublished\":\"2024-06-27T13:11:25+00:00\",\"dateModified\":\"2026-01-12T11:50:20+00:00\",\"breadcrumb\":{\"@id\":\"https:\/\/www.bookingtime.com\/de\/eps\/cases\/integration-von-bookingtime-in-bestehende-applikation\/#breadcrumb\"},\"inLanguage\":\"de\",\"potentialAction\":[{\"@type\":\"ReadAction\",\"target\":[\"https:\/\/www.bookingtime.com\/de\/eps\/cases\/integration-von-bookingtime-in-bestehende-applikation\/\"]}]},{\"@type\":\"ImageObject\",\"inLanguage\":\"de\",\"@id\":\"https:\/\/www.bookingtime.com\/de\/eps\/cases\/integration-von-bookingtime-in-bestehende-applikation\/#primaryimage\",\"url\":\"https:\/\/www.bookingtime.com\/wp-content\/uploads\/2026\/01\/bookingtime_logo_og.jpg\",\"contentUrl\":\"https:\/\/www.bookingtime.com\/wp-content\/uploads\/2026\/01\/bookingtime_logo_og.jpg\",\"width\":1200,\"height\":630},{\"@type\":\"BreadcrumbList\",\"@id\":\"https:\/\/www.bookingtime.com\/de\/eps\/cases\/integration-von-bookingtime-in-bestehende-applikation\/#breadcrumb\",\"itemListElement\":[{\"@type\":\"ListItem\",\"position\":1,\"name\":\"Home\",\"item\":\"https:\/\/www.bookingtime.com\/de\/\"},{\"@type\":\"ListItem\",\"position\":2,\"name\":\"Homepage Enterprise\",\"item\":\"https:\/\/www.bookingtime.com\/de\/eps\/\"},{\"@type\":\"ListItem\",\"position\":3,\"name\":\"Cases\",\"item\":\"https:\/\/www.bookingtime.com\/de\/eps\/cases\/\"},{\"@type\":\"ListItem\",\"position\":4,\"name\":\"Schnelle Integration trotz ausgelastetem Entwicklerteam\"}]},{\"@type\":\"WebSite\",\"@id\":\"https:\/\/www.bookingtime.com\/de\/#website\",\"url\":\"https:\/\/www.bookingtime.com\/de\/\",\"name\":\"bookingtime\",\"description\":\"\",\"publisher\":{\"@id\":\"https:\/\/www.bookingtime.com\/de\/#organization\"},\"potentialAction\":[{\"@type\":\"SearchAction\",\"target\":{\"@type\":\"EntryPoint\",\"urlTemplate\":\"https:\/\/www.bookingtime.com\/de\/?s={search_term_string}\"},\"query-input\":{\"@type\":\"PropertyValueSpecification\",\"valueRequired\":true,\"valueName\":\"search_term_string\"}}],\"inLanguage\":\"de\"},{\"@type\":\"Organization\",\"@id\":\"https:\/\/www.bookingtime.com\/de\/#organization\",\"name\":\"bookingtime GmbH\",\"url\":\"https:\/\/www.bookingtime.com\/de\/\",\"logo\":{\"@type\":\"ImageObject\",\"inLanguage\":\"de\",\"@id\":\"https:\/\/www.bookingtime.com\/de\/#\/schema\/logo\/image\/\",\"url\":\"https:\/\/www.bookingtime.com\/wp-content\/uploads\/2024\/05\/bookingtime-logo.png\",\"contentUrl\":\"https:\/\/www.bookingtime.com\/wp-content\/uploads\/2024\/05\/bookingtime-logo.png\",\"width\":1000,\"height\":175,\"caption\":\"bookingtime GmbH\"},\"image\":{\"@id\":\"https:\/\/www.bookingtime.com\/de\/#\/schema\/logo\/image\/\"}}]}<\/script>\n<!-- \/ Yoast SEO plugin. -->","yoast_head_json":{"title":"Schnelle Integration trotz ausgelastetem Entwicklerteam - bookingtime","robots":{"index":"index","follow":"follow","max-snippet":"max-snippet:-1","max-image-preview":"max-image-preview:large","max-video-preview":"max-video-preview:-1"},"canonical":"https:\/\/www.bookingtime.com\/de\/eps\/cases\/integration-von-bookingtime-in-bestehende-applikation\/","og_locale":"de_DE","og_type":"article","og_title":"Schnelle Integration trotz ausgelastetem Entwicklerteam - bookingtime","og_description":"Zu allen Cases Schnelle Integration trotz ausgelastetem Entwicklerteam Ein zweik\u00f6pfiges Entwicklerteam eines Unternehmen integrierte dank bookingtime eine neue Terminsoftware in nur vier Wochen, trotz voller Auslastung und ohne den laufenden Betrieb zu st\u00f6ren. Die schlanken Prozesse und ausf\u00fchrliche Dokumentation von bookingtime erm\u00f6glichten eine kurze Konzeptionsphase und effiziente Umsetzung. \u00a0 Herausforderung: Das zweik\u00f6pfige Entwicklerteam eines Unternehmens [&hellip;]","og_url":"https:\/\/www.bookingtime.com\/de\/eps\/cases\/integration-von-bookingtime-in-bestehende-applikation\/","og_site_name":"bookingtime","article_modified_time":"2026-01-12T11:50:20+00:00","og_image":[{"width":1200,"height":630,"url":"https:\/\/www.bookingtime.com\/wp-content\/uploads\/2026\/01\/bookingtime_logo_og.jpg","type":"image\/jpeg"}],"twitter_card":"summary_large_image","twitter_misc":{"Gesch\u00e4tzte Lesezeit":"2\u00a0Minuten"},"schema":{"@context":"https:\/\/schema.org","@graph":[{"@type":"WebPage","@id":"https:\/\/www.bookingtime.com\/de\/eps\/cases\/integration-von-bookingtime-in-bestehende-applikation\/","url":"https:\/\/www.bookingtime.com\/de\/eps\/cases\/integration-von-bookingtime-in-bestehende-applikation\/","name":"Schnelle Integration trotz ausgelastetem Entwicklerteam - bookingtime","isPartOf":{"@id":"https:\/\/www.bookingtime.com\/de\/#website"},"primaryImageOfPage":{"@id":"https:\/\/www.bookingtime.com\/de\/eps\/cases\/integration-von-bookingtime-in-bestehende-applikation\/#primaryimage"},"image":{"@id":"https:\/\/www.bookingtime.com\/de\/eps\/cases\/integration-von-bookingtime-in-bestehende-applikation\/#primaryimage"},"thumbnailUrl":"https:\/\/www.bookingtime.com\/wp-content\/uploads\/2026\/01\/bookingtime_logo_og.jpg","datePublished":"2024-06-27T13:11:25+00:00","dateModified":"2026-01-12T11:50:20+00:00","breadcrumb":{"@id":"https:\/\/www.bookingtime.com\/de\/eps\/cases\/integration-von-bookingtime-in-bestehende-applikation\/#breadcrumb"},"inLanguage":"de","potentialAction":[{"@type":"ReadAction","target":["https:\/\/www.bookingtime.com\/de\/eps\/cases\/integration-von-bookingtime-in-bestehende-applikation\/"]}]},{"@type":"ImageObject","inLanguage":"de","@id":"https:\/\/www.bookingtime.com\/de\/eps\/cases\/integration-von-bookingtime-in-bestehende-applikation\/#primaryimage","url":"https:\/\/www.bookingtime.com\/wp-content\/uploads\/2026\/01\/bookingtime_logo_og.jpg","contentUrl":"https:\/\/www.bookingtime.com\/wp-content\/uploads\/2026\/01\/bookingtime_logo_og.jpg","width":1200,"height":630},{"@type":"BreadcrumbList","@id":"https:\/\/www.bookingtime.com\/de\/eps\/cases\/integration-von-bookingtime-in-bestehende-applikation\/#breadcrumb","itemListElement":[{"@type":"ListItem","position":1,"name":"Home","item":"https:\/\/www.bookingtime.com\/de\/"},{"@type":"ListItem","position":2,"name":"Homepage Enterprise","item":"https:\/\/www.bookingtime.com\/de\/eps\/"},{"@type":"ListItem","position":3,"name":"Cases","item":"https:\/\/www.bookingtime.com\/de\/eps\/cases\/"},{"@type":"ListItem","position":4,"name":"Schnelle Integration trotz ausgelastetem Entwicklerteam"}]},{"@type":"WebSite","@id":"https:\/\/www.bookingtime.com\/de\/#website","url":"https:\/\/www.bookingtime.com\/de\/","name":"bookingtime","description":"","publisher":{"@id":"https:\/\/www.bookingtime.com\/de\/#organization"},"potentialAction":[{"@type":"SearchAction","target":{"@type":"EntryPoint","urlTemplate":"https:\/\/www.bookingtime.com\/de\/?s={search_term_string}"},"query-input":{"@type":"PropertyValueSpecification","valueRequired":true,"valueName":"search_term_string"}}],"inLanguage":"de"},{"@type":"Organization","@id":"https:\/\/www.bookingtime.com\/de\/#organization","name":"bookingtime GmbH","url":"https:\/\/www.bookingtime.com\/de\/","logo":{"@type":"ImageObject","inLanguage":"de","@id":"https:\/\/www.bookingtime.com\/de\/#\/schema\/logo\/image\/","url":"https:\/\/www.bookingtime.com\/wp-content\/uploads\/2024\/05\/bookingtime-logo.png","contentUrl":"https:\/\/www.bookingtime.com\/wp-content\/uploads\/2024\/05\/bookingtime-logo.png","width":1000,"height":175,"caption":"bookingtime GmbH"},"image":{"@id":"https:\/\/www.bookingtime.com\/de\/#\/schema\/logo\/image\/"}}]}},"_links":{"self":[{"href":"https:\/\/www.bookingtime.com\/de\/wp-json\/wp\/v2\/pages\/14990","targetHints":{"allow":["GET"]}}],"collection":[{"href":"https:\/\/www.bookingtime.com\/de\/wp-json\/wp\/v2\/pages"}],"about":[{"href":"https:\/\/www.bookingtime.com\/de\/wp-json\/wp\/v2\/types\/page"}],"author":[{"embeddable":true,"href":"https:\/\/www.bookingtime.com\/de\/wp-json\/wp\/v2\/users\/5"}],"replies":[{"embeddable":true,"href":"https:\/\/www.bookingtime.com\/de\/wp-json\/wp\/v2\/comments?post=14990"}],"version-history":[{"count":93,"href":"https:\/\/www.bookingtime.com\/de\/wp-json\/wp\/v2\/pages\/14990\/revisions"}],"predecessor-version":[{"id":24686,"href":"https:\/\/www.bookingtime.com\/de\/wp-json\/wp\/v2\/pages\/14990\/revisions\/24686"}],"up":[{"embeddable":true,"href":"https:\/\/www.bookingtime.com\/de\/wp-json\/wp\/v2\/pages\/14180"}],"wp:featuredmedia":[{"embeddable":true,"href":"https:\/\/www.bookingtime.com\/de\/wp-json\/wp\/v2\/media\/26633"}],"wp:attachment":[{"href":"https:\/\/www.bookingtime.com\/de\/wp-json\/wp\/v2\/media?parent=14990"}],"curies":[{"name":"wp","href":"https:\/\/api.w.org\/{rel}","templated":true}]}}