{"id":20972,"date":"2024-09-10T08:48:21","date_gmt":"2024-09-10T08:48:21","guid":{"rendered":"https:\/\/master.bt-wordpress-enterprise.stage.boko.net\/?page_id=20972"},"modified":"2026-01-12T12:48:35","modified_gmt":"2026-01-12T11:48:35","slug":"support","status":"publish","type":"page","link":"https:\/\/www.bookingtime.com\/de\/bs\/support\/","title":{"rendered":"Support"},"content":{"rendered":"\t\t<div data-elementor-type=\"wp-page\" data-elementor-id=\"20972\" class=\"elementor elementor-20972\">\n\t\t\t\t\t\t<section class=\"elementor-section elementor-top-section elementor-element elementor-element-39f9b16 elementor-section-boxed elementor-section-height-default elementor-section-height-default\" data-id=\"39f9b16\" data-element_type=\"section\" data-e-type=\"section\">\n\t\t\t\t\t\t<div class=\"elementor-container elementor-column-gap-default\">\n\t\t\t\t\t<div class=\"elementor-column elementor-col-50 elementor-top-column elementor-element elementor-element-5cd5d03\" data-id=\"5cd5d03\" data-element_type=\"column\" data-e-type=\"column\">\n\t\t\t<div class=\"elementor-widget-wrap elementor-element-populated\">\n\t\t\t\t\t\t<div class=\"elementor-element elementor-element-16c2402 elementor-widget__width-initial elementor-widget elementor-widget-sectiontitle\" data-id=\"16c2402\" data-element_type=\"widget\" data-e-type=\"widget\" data-widget_type=\"sectiontitle.default\">\n\t\t\t\t<div class=\"elementor-widget-container\">\n\t\t\t\t\t\r\n\t\t\t\t\t<div class=\"\">\r\n\r\n\t\t\t\t<div class=\"section-title t_left\">\r\n\t\t\t\t\t \r\n\t\t\t\t\t\t<h5>\/\/ Support<\/h5>\r\n\t\t\t\t\t\r\n\t\t\t\t\t \r\n\t\t\t\t\t\t<h3>Schnelle und effiziente<\/h3>\r\n\t\t\t\t\t\r\n\t\t\t\t\t \r\n\t\t\t\t\t\t<h2>Unterst\u00fctzung <span>f\u00fcr h\u00f6chste Zufriedenheit<\/span><\/h2>\r\n\t\t\t\t\t\t\t\t\t\t<div class=\"bar-main\">\r\n\t\t\t\t\t\t<div class=\"bar bar-big\"><\/div>\r\n\t\t\t\t\t<\/div>\r\n\r\n\t\t\t\t\t\r\n\r\n\r\n\t\t\t\t<\/div>\t\r\n\r\n\t\t\t<\/div>\r\n\r\n\t\t\r\n\t\t\t\t\t\t<\/div>\n\t\t\t\t<\/div>\n\t\t\t\t<div class=\"elementor-element elementor-element-a6168cc elementor-widget elementor-widget-text-editor\" data-id=\"a6168cc\" data-element_type=\"widget\" data-e-type=\"widget\" data-widget_type=\"text-editor.default\">\n\t\t\t\t<div class=\"elementor-widget-container\">\n\t\t\t\t\t\t\t\t\t<p>Im Handbuch finden Sie Antworten zu Fragen, die h\u00e4ufiger gestellt werden. Ebenso k\u00f6nnen Sie im Hilfe-Center umfangreiche Informationen zum System und besonderen Einstellungen erhalten.<\/p><p>Sollten Fragen offen bleiben, steht Ihnen der telefonische Support gerne zur Verf\u00fcgung. \u00dcber die Buchungsstrecke haben Sie die M\u00f6glichkeit die passende Beratung zu buchen.<\/p>\t\t\t\t\t\t\t\t<\/div>\n\t\t\t\t<\/div>\n\t\t\t\t\t<\/div>\n\t\t<\/div>\n\t\t\t\t<div class=\"elementor-column elementor-col-50 elementor-top-column elementor-element elementor-element-45cea37\" data-id=\"45cea37\" data-element_type=\"column\" data-e-type=\"column\">\n\t\t\t<div class=\"elementor-widget-wrap elementor-element-populated\">\n\t\t\t\t\t\t<div class=\"elementor-element elementor-element-4644b28 elementor-widget elementor-widget-image\" data-id=\"4644b28\" data-element_type=\"widget\" data-e-type=\"widget\" data-widget_type=\"image.default\">\n\t\t\t\t<div class=\"elementor-widget-container\">\n\t\t\t\t\t\t\t\t\t\t\t\t\t\t\t<img fetchpriority=\"high\" decoding=\"async\" width=\"1024\" height=\"683\" src=\"https:\/\/www.bookingtime.com\/wp-content\/uploads\/2024\/10\/Support-Bild-1-1024x683.jpeg\" class=\"attachment-large size-large wp-image-22059\" alt=\"\" srcset=\"https:\/\/www.bookingtime.com\/wp-content\/uploads\/2024\/10\/Support-Bild-1-1024x683.jpeg 1024w, https:\/\/www.bookingtime.com\/wp-content\/uploads\/2024\/10\/Support-Bild-1-300x200.jpeg 300w, https:\/\/www.bookingtime.com\/wp-content\/uploads\/2024\/10\/Support-Bild-1-768x512.jpeg 768w\" sizes=\"(max-width: 1024px) 100vw, 1024px\" \/>\t\t\t\t\t\t\t\t\t\t\t\t\t\t\t<\/div>\n\t\t\t\t<\/div>\n\t\t\t\t\t<\/div>\n\t\t<\/div>\n\t\t\t\t\t<\/div>\n\t\t<\/section>\n\t\t<div class=\"elementor-element elementor-element-b2894c6 e-flex e-con-boxed e-con e-parent\" data-id=\"b2894c6\" data-element_type=\"container\" data-e-type=\"container\">\n\t\t\t\t\t<div class=\"e-con-inner\">\n\t\t\t\t<div class=\"elementor-element elementor-element-95c385a elementor-widget elementor-widget-sectiontitle\" data-id=\"95c385a\" data-element_type=\"widget\" data-e-type=\"widget\" data-widget_type=\"sectiontitle.default\">\n\t\t\t\t<div class=\"elementor-widget-container\">\n\t\t\t\t\t\r\n\t\t\t\t\t<div class=\"\">\r\n\r\n\t\t\t\t<div class=\"section-title t_center\">\r\n\t\t\t\t\t\r\n\t\t\t\t\t \r\n\t\t\t\t\t\t<h3>Support auf allen Ebenen<\/h3>\r\n\t\t\t\t\t\r\n\t\t\t\t\t\t\t\t\t\t<div class=\"bar-main\">\r\n\t\t\t\t\t\t<div class=\"bar bar-big\"><\/div>\r\n\t\t\t\t\t<\/div>\r\n\r\n\t\t\t\t\t\r\n\r\n\r\n\t\t\t\t<\/div>\t\r\n\r\n\t\t\t<\/div>\r\n\r\n\t\t\r\n\t\t\t\t\t\t<\/div>\n\t\t\t\t<\/div>\n\t\t\t\t\t<\/div>\n\t\t\t\t<\/div>\n\t\t\t\t<section class=\"elementor-section elementor-top-section elementor-element elementor-element-a8ad94d elementor-section-boxed elementor-section-height-default elementor-section-height-default\" data-id=\"a8ad94d\" data-element_type=\"section\" data-e-type=\"section\">\n\t\t\t\t\t\t<div class=\"elementor-container elementor-column-gap-default\">\n\t\t\t\t\t<div class=\"elementor-column elementor-col-100 elementor-top-column elementor-element elementor-element-eff1c4d\" data-id=\"eff1c4d\" data-element_type=\"column\" data-e-type=\"column\">\n\t\t\t<div class=\"elementor-widget-wrap elementor-element-populated\">\n\t\t\t\t\t\t<section class=\"elementor-section elementor-inner-section elementor-element elementor-element-fc2887d elementor-section-boxed elementor-section-height-default elementor-section-height-default\" data-id=\"fc2887d\" data-element_type=\"section\" data-e-type=\"section\">\n\t\t\t\t\t\t<div class=\"elementor-container elementor-column-gap-default\">\n\t\t\t\t\t<div class=\"elementor-column elementor-col-33 elementor-inner-column elementor-element elementor-element-97f3bb0\" data-id=\"97f3bb0\" data-element_type=\"column\" data-e-type=\"column\">\n\t\t\t<div class=\"elementor-widget-wrap elementor-element-populated\">\n\t\t\t\t\t\t<div class=\"elementor-element elementor-element-8f9c9c5 elementor-widget elementor-widget-service\" data-id=\"8f9c9c5\" data-element_type=\"widget\" data-e-type=\"widget\" data-widget_type=\"service.default\">\n\t\t\t\t<div class=\"elementor-widget-container\">\n\t\t\t\t\t\r\n\t\t\t\t\t<div class=\"service-box service-style-eight service-style-eight-hover\" style=\"cursor:pointer;\"\r\n\t\t\t\r\n\t\t\t\t\t\t\tonclick=\"location.href='https:\/\/support.bookingtime.com\/hc\/de\/categories\/8924064730524-FAQ';\"\r\n\t\t\t\t\t\t>\r\n\t\t\t\t\r\n\t\t\t\t\t\t<div class=\"service-box-icon\">\r\n\r\n\t\t\t\t\t\t\t<i class=\"svg-file d-inline-flex align-items-center justify-content-center svg_id_26440\"><svg xmlns=\"http:\/\/www.w3.org\/2000\/svg\" width=\"24\" height=\"24\" viewBox=\"0 0 24 24\" fill=\"none\" stroke=\"currentColor\" stroke-width=\"2\" stroke-linecap=\"round\" stroke-linejoin=\"round\" class=\"icon icon-tabler icons-tabler-outline icon-tabler-player-play\"><path stroke=\"none\" d=\"M0 0h24v24H0z\" fill=\"none\"><\/path><path d=\"M7 4v16l13 -8z\"><\/path><\/svg><\/i>\r\n\t\t\t\t\t\t\t\t\t\t<style>\r\n\t\t\t\t\t\t\t\t\t\t.svg_id_26440 svg {width:40px;height:40px;}\r\n\t\t\t\t\t\t\t\t\t\t<\/style>\r\n\t\t\t\t\t\t\t\t\t\t\t\t\t<\/div>\r\n\r\n\t\t\t\t\r\n\t\t\t\t<div class=\"service-box-content\">\r\n\r\n\t\t\t\t\t<div class=\"service-box-title\" >\r\n\t\t\t\t\t\t<h2>FAQ<\/h2>\r\n\t\t\t\t\t<\/div>\r\n\r\n\t\t\t\t\t<div class=\"service-box-desc\" >\r\n\t\t\t\t\t\t<p>Antworten zu h\u00e4ufig gestellten Fragen finden Sie hier.<\/p>\r\n\t\t\t\t\t<\/div>\r\n\r\n\t\t\t\t\t\t\t\t\t\t<div class=\"service-btn\">\r\n\t\t\t\t\t\t<a>\r\n\t\t\t\t\t\t\t\t\t\t\t\t\t\t<i class=\"fa fa-angle-right solid\"><\/i>\r\n\t\t\t\t\t\t<\/a>\r\n\t\t\t\t\t<\/div><!-- .service-btn\t-->\r\n\t\t\t\t\t\r\n\t\t\t\t<\/div><!-- .service-box-content -->\r\n\t\t\t<\/div><!-- .service-box .service-style-eight -->\r\n\r\n\t\t\t\t\t\t<\/div>\n\t\t\t\t<\/div>\n\t\t\t\t\t<\/div>\n\t\t<\/div>\n\t\t\t\t<div class=\"elementor-column elementor-col-33 elementor-inner-column elementor-element elementor-element-8ffb57d\" data-id=\"8ffb57d\" data-element_type=\"column\" data-e-type=\"column\">\n\t\t\t<div class=\"elementor-widget-wrap elementor-element-populated\">\n\t\t\t\t\t\t<div class=\"elementor-element elementor-element-2edc775 elementor-widget elementor-widget-service\" data-id=\"2edc775\" data-element_type=\"widget\" data-e-type=\"widget\" data-widget_type=\"service.default\">\n\t\t\t\t<div class=\"elementor-widget-container\">\n\t\t\t\t\t\r\n\t\t\t\t\t<div class=\"service-box service-style-eight service-style-eight-hover\" style=\"cursor:pointer;\"\r\n\t\t\t\r\n\t\t\t\t\t\t\tonclick=\"location.href='https:\/\/support.bookingtime.com\/hc\/de\/community\/topics\/8889159990940-German-Community';\"\r\n\t\t\t\t\t\t>\r\n\t\t\t\t\r\n\t\t\t\t\t\t<div class=\"service-box-icon\">\r\n\r\n\t\t\t\t\t\t\t<i class=\"svg-file d-inline-flex align-items-center justify-content-center svg_id_26490\"><svg xmlns=\"http:\/\/www.w3.org\/2000\/svg\" width=\"24\" height=\"24\" viewBox=\"0 0 24 24\" fill=\"none\" stroke=\"currentColor\" stroke-width=\"2\" stroke-linecap=\"round\" stroke-linejoin=\"round\" class=\"icon icon-tabler icons-tabler-outline icon-tabler-users-group\"><path stroke=\"none\" d=\"M0 0h24v24H0z\" fill=\"none\"><\/path><path d=\"M10 13a2 2 0 1 0 4 0a2 2 0 0 0 -4 0\"><\/path><path d=\"M8 21v-1a2 2 0 0 1 2 -2h4a2 2 0 0 1 2 2v1\"><\/path><path d=\"M15 5a2 2 0 1 0 4 0a2 2 0 0 0 -4 0\"><\/path><path d=\"M17 10h2a2 2 0 0 1 2 2v1\"><\/path><path d=\"M5 5a2 2 0 1 0 4 0a2 2 0 0 0 -4 0\"><\/path><path d=\"M3 13v-1a2 2 0 0 1 2 -2h2\"><\/path><\/svg><\/i>\r\n\t\t\t\t\t\t\t\t\t\t<style>\r\n\t\t\t\t\t\t\t\t\t\t.svg_id_26490 svg {width:40px;height:40px;}\r\n\t\t\t\t\t\t\t\t\t\t<\/style>\r\n\t\t\t\t\t\t\t\t\t\t\t\t\t<\/div>\r\n\r\n\t\t\t\t\r\n\t\t\t\t<div class=\"service-box-content\">\r\n\r\n\t\t\t\t\t<div class=\"service-box-title\" >\r\n\t\t\t\t\t\t<h2>Forum<\/h2>\r\n\t\t\t\t\t<\/div>\r\n\r\n\t\t\t\t\t<div class=\"service-box-desc\" >\r\n\t\t\t\t\t\t<p>Tauschen Sie sich mit anderen Nutzen in unserem Forum aus.<\/p>\r\n\t\t\t\t\t<\/div>\r\n\r\n\t\t\t\t\t\t\t\t\t\t<div class=\"service-btn\">\r\n\t\t\t\t\t\t<a>\r\n\t\t\t\t\t\t\t\t\t\t\t\t\t\t<i class=\"fa fa-angle-right solid\"><\/i>\r\n\t\t\t\t\t\t<\/a>\r\n\t\t\t\t\t<\/div><!-- .service-btn\t-->\r\n\t\t\t\t\t\r\n\t\t\t\t<\/div><!-- .service-box-content -->\r\n\t\t\t<\/div><!-- .service-box .service-style-eight -->\r\n\r\n\t\t\t\t\t\t<\/div>\n\t\t\t\t<\/div>\n\t\t\t\t\t<\/div>\n\t\t<\/div>\n\t\t\t\t<div class=\"elementor-column elementor-col-33 elementor-inner-column elementor-element elementor-element-8d8f49b\" data-id=\"8d8f49b\" data-element_type=\"column\" data-e-type=\"column\">\n\t\t\t<div class=\"elementor-widget-wrap elementor-element-populated\">\n\t\t\t\t\t\t<div class=\"elementor-element elementor-element-8fb3d59 elementor-widget elementor-widget-service\" data-id=\"8fb3d59\" data-element_type=\"widget\" data-e-type=\"widget\" data-widget_type=\"service.default\">\n\t\t\t\t<div class=\"elementor-widget-container\">\n\t\t\t\t\t\r\n\t\t\t\t\t<div class=\"service-box service-style-eight service-style-eight-hover\" style=\"cursor:pointer;\"\r\n\t\t\t\r\n\t\t\t\t\t\t\tonclick=\"location.href='https:\/\/support.bookingtime.com\/hc\/de\/requests\/new';\"\r\n\t\t\t\t\t\t>\r\n\t\t\t\t\r\n\t\t\t\t\t\t<div class=\"service-box-icon\">\r\n\r\n\t\t\t\t\t\t\t<i class=\"svg-file d-inline-flex align-items-center justify-content-center svg_id_26378\"><svg xmlns=\"http:\/\/www.w3.org\/2000\/svg\" width=\"24\" height=\"24\" viewBox=\"0 0 24 24\" fill=\"none\" stroke=\"currentColor\" stroke-width=\"2\" stroke-linecap=\"round\" stroke-linejoin=\"round\" class=\"icon icon-tabler icons-tabler-outline icon-tabler-bubble\"><path stroke=\"none\" d=\"M0 0h24v24H0z\" fill=\"none\"><\/path><path d=\"M12.4 3a5.34 5.34 0 0 1 4.906 3.239a5.333 5.333 0 0 1 -1.195 10.6a4.26 4.26 0 0 1 -5.28 1.863l-3.831 2.298v-3.134a2.668 2.668 0 0 1 -1.795 -3.773a4.8 4.8 0 0 1 2.908 -8.933a5.33 5.33 0 0 1 4.287 -2.16\"><\/path><\/svg><\/i>\r\n\t\t\t\t\t\t\t\t\t\t<style>\r\n\t\t\t\t\t\t\t\t\t\t.svg_id_26378 svg {width:40px;height:40px;}\r\n\t\t\t\t\t\t\t\t\t\t<\/style>\r\n\t\t\t\t\t\t\t\t\t\t\t\t\t<\/div>\r\n\r\n\t\t\t\t\r\n\t\t\t\t<div class=\"service-box-content\">\r\n\r\n\t\t\t\t\t<div class=\"service-box-title\" >\r\n\t\t\t\t\t\t<h2>Kontakt aufnehmen<\/h2>\r\n\t\t\t\t\t<\/div>\r\n\r\n\t\t\t\t\t<div class=\"service-box-desc\" >\r\n\t\t\t\t\t\t<p>Termin buchen f\u00fcr eine technische oder spezielle Anfrage.<\/p>\r\n\t\t\t\t\t<\/div>\r\n\r\n\t\t\t\t\t\t\t\t\t\t<div class=\"service-btn\">\r\n\t\t\t\t\t\t<a>\r\n\t\t\t\t\t\t\t\t\t\t\t\t\t\t<i class=\"fa fa-angle-right solid\"><\/i>\r\n\t\t\t\t\t\t<\/a>\r\n\t\t\t\t\t<\/div><!-- .service-btn\t-->\r\n\t\t\t\t\t\r\n\t\t\t\t<\/div><!-- .service-box-content -->\r\n\t\t\t<\/div><!-- .service-box .service-style-eight -->\r\n\r\n\t\t\t\t\t\t<\/div>\n\t\t\t\t<\/div>\n\t\t\t\t\t<\/div>\n\t\t<\/div>\n\t\t\t\t\t<\/div>\n\t\t<\/section>\n\t\t<div class=\"elementor-element elementor-element-8410540 e-flex e-con-boxed e-con e-parent\" data-id=\"8410540\" data-element_type=\"container\" data-e-type=\"container\">\n\t\t\t\t\t<div class=\"e-con-inner\">\n\t\t<div class=\"elementor-element elementor-element-2681ebe e-con-full e-flex e-con e-child\" data-id=\"2681ebe\" data-element_type=\"container\" data-e-type=\"container\">\n\t\t\t\t<div class=\"elementor-element elementor-element-b16f4df bookingtime_iframe elementor-widget elementor-widget-html\" data-id=\"b16f4df\" data-element_type=\"widget\" data-e-type=\"widget\" data-widget_type=\"html.default\">\n\t\t\t\t<div class=\"elementor-widget-container\">\n\t\t\t\t\t<iframe width=\"900\" height=\"850\" frameborder=\"0\" webkitallowfullscreen=\"\" mozallowfullscreen=\"\" allowfullscreen=\"\" src=\"https:\/\/module.bookingtime.com\/booking\/organization\/f6NQ8lbGhya5V3UF1Ey2Y9gNZ2DY6hw0\/moduleConfig\/5fnAbdvzikVSzwj3jB7TciK2KFG8P7Xy\"><\/iframe>\t\t\t\t<\/div>\n\t\t\t\t<\/div>\n\t\t\t\t<\/div>\n\t\t\t\t\t<\/div>\n\t\t\t\t<\/div>\n\t\t\t\t\t<\/div>\n\t\t<\/div>\n\t\t\t\t\t<\/div>\n\t\t<\/section>\n\t\t\t\t<\/div>\n\t\t","protected":false},"excerpt":{"rendered":"<p>\/\/ Support Schnelle und effiziente Unterst\u00fctzung f\u00fcr h\u00f6chste Zufriedenheit Im Handbuch finden Sie Antworten zu Fragen, die h\u00e4ufiger gestellt werden. Ebenso k\u00f6nnen Sie im Hilfe-Center umfangreiche Informationen zum System und besonderen Einstellungen erhalten. Sollten Fragen offen bleiben, steht Ihnen der telefonische Support gerne zur Verf\u00fcgung. \u00dcber die Buchungsstrecke haben Sie die M\u00f6glichkeit die passende Beratung [&hellip;]<\/p>\n","protected":false},"author":2,"featured_media":26633,"parent":20762,"menu_order":0,"comment_status":"closed","ping_status":"closed","template":"page-templates\/template-default.php","meta":{"footnotes":""},"class_list":["post-20972","page","type-page","status-publish","has-post-thumbnail","hentry"],"yoast_head":"<!-- This site is optimized with the Yoast SEO plugin v26.9 - https:\/\/yoast.com\/product\/yoast-seo-wordpress\/ -->\n<title>Support - bookingtime<\/title>\n<meta name=\"robots\" content=\"index, follow, max-snippet:-1, max-image-preview:large, max-video-preview:-1\" \/>\n<link rel=\"canonical\" href=\"https:\/\/www.bookingtime.com\/de\/bs\/support\/\" \/>\n<meta property=\"og:locale\" content=\"de_DE\" \/>\n<meta property=\"og:type\" content=\"article\" \/>\n<meta property=\"og:title\" content=\"Support - bookingtime\" \/>\n<meta property=\"og:description\" content=\"\/\/ Support Schnelle und effiziente Unterst\u00fctzung f\u00fcr h\u00f6chste Zufriedenheit Im Handbuch finden Sie Antworten zu Fragen, die h\u00e4ufiger gestellt werden. Ebenso k\u00f6nnen Sie im Hilfe-Center umfangreiche Informationen zum System und besonderen Einstellungen erhalten. Sollten Fragen offen bleiben, steht Ihnen der telefonische Support gerne zur Verf\u00fcgung. \u00dcber die Buchungsstrecke haben Sie die M\u00f6glichkeit die passende Beratung [&hellip;]\" \/>\n<meta property=\"og:url\" content=\"https:\/\/www.bookingtime.com\/de\/bs\/support\/\" \/>\n<meta property=\"og:site_name\" content=\"bookingtime\" \/>\n<meta property=\"article:modified_time\" content=\"2026-01-12T11:48:35+00:00\" \/>\n<meta property=\"og:image\" content=\"https:\/\/www.bookingtime.com\/wp-content\/uploads\/2026\/01\/bookingtime_logo_og.jpg\" \/>\n\t<meta property=\"og:image:width\" content=\"1200\" \/>\n\t<meta property=\"og:image:height\" content=\"630\" \/>\n\t<meta property=\"og:image:type\" content=\"image\/jpeg\" \/>\n<meta name=\"twitter:card\" content=\"summary_large_image\" \/>\n<meta name=\"twitter:label1\" content=\"Gesch\u00e4tzte Lesezeit\" \/>\n\t<meta name=\"twitter:data1\" content=\"1\u00a0Minute\" \/>\n<script type=\"application\/ld+json\" class=\"yoast-schema-graph\">{\"@context\":\"https:\/\/schema.org\",\"@graph\":[{\"@type\":\"WebPage\",\"@id\":\"https:\/\/www.bookingtime.com\/de\/bs\/support\/\",\"url\":\"https:\/\/www.bookingtime.com\/de\/bs\/support\/\",\"name\":\"Support - bookingtime\",\"isPartOf\":{\"@id\":\"https:\/\/www.bookingtime.com\/de\/#website\"},\"primaryImageOfPage\":{\"@id\":\"https:\/\/www.bookingtime.com\/de\/bs\/support\/#primaryimage\"},\"image\":{\"@id\":\"https:\/\/www.bookingtime.com\/de\/bs\/support\/#primaryimage\"},\"thumbnailUrl\":\"https:\/\/www.bookingtime.com\/wp-content\/uploads\/2026\/01\/bookingtime_logo_og.jpg\",\"datePublished\":\"2024-09-10T08:48:21+00:00\",\"dateModified\":\"2026-01-12T11:48:35+00:00\",\"breadcrumb\":{\"@id\":\"https:\/\/www.bookingtime.com\/de\/bs\/support\/#breadcrumb\"},\"inLanguage\":\"de\",\"potentialAction\":[{\"@type\":\"ReadAction\",\"target\":[\"https:\/\/www.bookingtime.com\/de\/bs\/support\/\"]}]},{\"@type\":\"ImageObject\",\"inLanguage\":\"de\",\"@id\":\"https:\/\/www.bookingtime.com\/de\/bs\/support\/#primaryimage\",\"url\":\"https:\/\/www.bookingtime.com\/wp-content\/uploads\/2026\/01\/bookingtime_logo_og.jpg\",\"contentUrl\":\"https:\/\/www.bookingtime.com\/wp-content\/uploads\/2026\/01\/bookingtime_logo_og.jpg\",\"width\":1200,\"height\":630},{\"@type\":\"BreadcrumbList\",\"@id\":\"https:\/\/www.bookingtime.com\/de\/bs\/support\/#breadcrumb\",\"itemListElement\":[{\"@type\":\"ListItem\",\"position\":1,\"name\":\"Home\",\"item\":\"https:\/\/www.bookingtime.com\/de\/\"},{\"@type\":\"ListItem\",\"position\":2,\"name\":\"Homepage Business\",\"item\":\"https:\/\/www.bookingtime.com\/de\/bs\/\"},{\"@type\":\"ListItem\",\"position\":3,\"name\":\"Support\"}]},{\"@type\":\"WebSite\",\"@id\":\"https:\/\/www.bookingtime.com\/de\/#website\",\"url\":\"https:\/\/www.bookingtime.com\/de\/\",\"name\":\"bookingtime\",\"description\":\"\",\"publisher\":{\"@id\":\"https:\/\/www.bookingtime.com\/de\/#organization\"},\"potentialAction\":[{\"@type\":\"SearchAction\",\"target\":{\"@type\":\"EntryPoint\",\"urlTemplate\":\"https:\/\/www.bookingtime.com\/de\/?s={search_term_string}\"},\"query-input\":{\"@type\":\"PropertyValueSpecification\",\"valueRequired\":true,\"valueName\":\"search_term_string\"}}],\"inLanguage\":\"de\"},{\"@type\":\"Organization\",\"@id\":\"https:\/\/www.bookingtime.com\/de\/#organization\",\"name\":\"bookingtime GmbH\",\"url\":\"https:\/\/www.bookingtime.com\/de\/\",\"logo\":{\"@type\":\"ImageObject\",\"inLanguage\":\"de\",\"@id\":\"https:\/\/www.bookingtime.com\/de\/#\/schema\/logo\/image\/\",\"url\":\"https:\/\/www.bookingtime.com\/wp-content\/uploads\/2024\/05\/bookingtime-logo.png\",\"contentUrl\":\"https:\/\/www.bookingtime.com\/wp-content\/uploads\/2024\/05\/bookingtime-logo.png\",\"width\":1000,\"height\":175,\"caption\":\"bookingtime GmbH\"},\"image\":{\"@id\":\"https:\/\/www.bookingtime.com\/de\/#\/schema\/logo\/image\/\"}}]}<\/script>\n<!-- \/ Yoast SEO plugin. -->","yoast_head_json":{"title":"Support - bookingtime","robots":{"index":"index","follow":"follow","max-snippet":"max-snippet:-1","max-image-preview":"max-image-preview:large","max-video-preview":"max-video-preview:-1"},"canonical":"https:\/\/www.bookingtime.com\/de\/bs\/support\/","og_locale":"de_DE","og_type":"article","og_title":"Support - bookingtime","og_description":"\/\/ Support Schnelle und effiziente Unterst\u00fctzung f\u00fcr h\u00f6chste Zufriedenheit Im Handbuch finden Sie Antworten zu Fragen, die h\u00e4ufiger gestellt werden. Ebenso k\u00f6nnen Sie im Hilfe-Center umfangreiche Informationen zum System und besonderen Einstellungen erhalten. Sollten Fragen offen bleiben, steht Ihnen der telefonische Support gerne zur Verf\u00fcgung. \u00dcber die Buchungsstrecke haben Sie die M\u00f6glichkeit die passende Beratung [&hellip;]","og_url":"https:\/\/www.bookingtime.com\/de\/bs\/support\/","og_site_name":"bookingtime","article_modified_time":"2026-01-12T11:48:35+00:00","og_image":[{"width":1200,"height":630,"url":"https:\/\/www.bookingtime.com\/wp-content\/uploads\/2026\/01\/bookingtime_logo_og.jpg","type":"image\/jpeg"}],"twitter_card":"summary_large_image","twitter_misc":{"Gesch\u00e4tzte Lesezeit":"1\u00a0Minute"},"schema":{"@context":"https:\/\/schema.org","@graph":[{"@type":"WebPage","@id":"https:\/\/www.bookingtime.com\/de\/bs\/support\/","url":"https:\/\/www.bookingtime.com\/de\/bs\/support\/","name":"Support - bookingtime","isPartOf":{"@id":"https:\/\/www.bookingtime.com\/de\/#website"},"primaryImageOfPage":{"@id":"https:\/\/www.bookingtime.com\/de\/bs\/support\/#primaryimage"},"image":{"@id":"https:\/\/www.bookingtime.com\/de\/bs\/support\/#primaryimage"},"thumbnailUrl":"https:\/\/www.bookingtime.com\/wp-content\/uploads\/2026\/01\/bookingtime_logo_og.jpg","datePublished":"2024-09-10T08:48:21+00:00","dateModified":"2026-01-12T11:48:35+00:00","breadcrumb":{"@id":"https:\/\/www.bookingtime.com\/de\/bs\/support\/#breadcrumb"},"inLanguage":"de","potentialAction":[{"@type":"ReadAction","target":["https:\/\/www.bookingtime.com\/de\/bs\/support\/"]}]},{"@type":"ImageObject","inLanguage":"de","@id":"https:\/\/www.bookingtime.com\/de\/bs\/support\/#primaryimage","url":"https:\/\/www.bookingtime.com\/wp-content\/uploads\/2026\/01\/bookingtime_logo_og.jpg","contentUrl":"https:\/\/www.bookingtime.com\/wp-content\/uploads\/2026\/01\/bookingtime_logo_og.jpg","width":1200,"height":630},{"@type":"BreadcrumbList","@id":"https:\/\/www.bookingtime.com\/de\/bs\/support\/#breadcrumb","itemListElement":[{"@type":"ListItem","position":1,"name":"Home","item":"https:\/\/www.bookingtime.com\/de\/"},{"@type":"ListItem","position":2,"name":"Homepage Business","item":"https:\/\/www.bookingtime.com\/de\/bs\/"},{"@type":"ListItem","position":3,"name":"Support"}]},{"@type":"WebSite","@id":"https:\/\/www.bookingtime.com\/de\/#website","url":"https:\/\/www.bookingtime.com\/de\/","name":"bookingtime","description":"","publisher":{"@id":"https:\/\/www.bookingtime.com\/de\/#organization"},"potentialAction":[{"@type":"SearchAction","target":{"@type":"EntryPoint","urlTemplate":"https:\/\/www.bookingtime.com\/de\/?s={search_term_string}"},"query-input":{"@type":"PropertyValueSpecification","valueRequired":true,"valueName":"search_term_string"}}],"inLanguage":"de"},{"@type":"Organization","@id":"https:\/\/www.bookingtime.com\/de\/#organization","name":"bookingtime GmbH","url":"https:\/\/www.bookingtime.com\/de\/","logo":{"@type":"ImageObject","inLanguage":"de","@id":"https:\/\/www.bookingtime.com\/de\/#\/schema\/logo\/image\/","url":"https:\/\/www.bookingtime.com\/wp-content\/uploads\/2024\/05\/bookingtime-logo.png","contentUrl":"https:\/\/www.bookingtime.com\/wp-content\/uploads\/2024\/05\/bookingtime-logo.png","width":1000,"height":175,"caption":"bookingtime GmbH"},"image":{"@id":"https:\/\/www.bookingtime.com\/de\/#\/schema\/logo\/image\/"}}]}},"_links":{"self":[{"href":"https:\/\/www.bookingtime.com\/de\/wp-json\/wp\/v2\/pages\/20972","targetHints":{"allow":["GET"]}}],"collection":[{"href":"https:\/\/www.bookingtime.com\/de\/wp-json\/wp\/v2\/pages"}],"about":[{"href":"https:\/\/www.bookingtime.com\/de\/wp-json\/wp\/v2\/types\/page"}],"author":[{"embeddable":true,"href":"https:\/\/www.bookingtime.com\/de\/wp-json\/wp\/v2\/users\/2"}],"replies":[{"embeddable":true,"href":"https:\/\/www.bookingtime.com\/de\/wp-json\/wp\/v2\/comments?post=20972"}],"version-history":[{"count":58,"href":"https:\/\/www.bookingtime.com\/de\/wp-json\/wp\/v2\/pages\/20972\/revisions"}],"predecessor-version":[{"id":26501,"href":"https:\/\/www.bookingtime.com\/de\/wp-json\/wp\/v2\/pages\/20972\/revisions\/26501"}],"up":[{"embeddable":true,"href":"https:\/\/www.bookingtime.com\/de\/wp-json\/wp\/v2\/pages\/20762"}],"wp:featuredmedia":[{"embeddable":true,"href":"https:\/\/www.bookingtime.com\/de\/wp-json\/wp\/v2\/media\/26633"}],"wp:attachment":[{"href":"https:\/\/www.bookingtime.com\/de\/wp-json\/wp\/v2\/media?parent=20972"}],"curies":[{"name":"wp","href":"https:\/\/api.w.org\/{rel}","templated":true}]}}