{"id":21466,"date":"2024-09-27T08:24:25","date_gmt":"2024-09-27T08:24:25","guid":{"rendered":"https:\/\/master.bt-wordpress-enterprise.stage.boko.net\/?page_id=21466"},"modified":"2026-01-12T12:47:53","modified_gmt":"2026-01-12T11:47:53","slug":"kontakt-business","status":"publish","type":"page","link":"https:\/\/www.bookingtime.com\/de\/bs\/kontakt-business\/","title":{"rendered":"Kontakt"},"content":{"rendered":"\t\t<div data-elementor-type=\"wp-page\" data-elementor-id=\"21466\" class=\"elementor elementor-21466\">\n\t\t\t\t\t\t<section class=\"elementor-section elementor-top-section elementor-element elementor-element-dd16730 elementor-section-boxed elementor-section-height-default elementor-section-height-default\" data-id=\"dd16730\" data-element_type=\"section\" data-e-type=\"section\">\n\t\t\t\t\t\t<div class=\"elementor-container elementor-column-gap-default\">\n\t\t\t\t\t<div class=\"elementor-column elementor-col-100 elementor-top-column elementor-element elementor-element-06355c5\" data-id=\"06355c5\" data-element_type=\"column\" data-e-type=\"column\">\n\t\t\t<div class=\"elementor-widget-wrap elementor-element-populated\">\n\t\t\t\t\t\t<div class=\"elementor-element elementor-element-8d42b54 elementor-widget elementor-widget-sectiontitle\" data-id=\"8d42b54\" data-element_type=\"widget\" data-e-type=\"widget\" data-widget_type=\"sectiontitle.default\">\n\t\t\t\t<div class=\"elementor-widget-container\">\n\t\t\t\t\t\r\n\t\t\t\t\t<div class=\"\">\r\n\r\n\t\t\t\t<div class=\"section-title t_center\">\r\n\t\t\t\t\t\r\n\t\t\t\t\t \r\n\t\t\t\t\t\t<h3>Wie k\u00f6nnen wir Sie <\/h3>\r\n\t\t\t\t\t\r\n\t\t\t\t\t \r\n\t\t\t\t\t\t<h2>am Besten <span>beraten?<\/span><\/h2>\r\n\t\t\t\t\t\t\t\t\t\t<div class=\"bar-main\">\r\n\t\t\t\t\t\t<div class=\"bar bar-big\"><\/div>\r\n\t\t\t\t\t<\/div>\r\n\r\n\t\t\t\t\t \r\n\t\t\t\t\t\t<p>Sie m\u00f6chten unsere Software f\u00fcr Ihr Unternehmen nutzen oder sind bereits Kunde und haben Fragen zur Software? Dann setzen Sie sich gern mit uns in Verbindung. Wir freuen uns darauf, von Ihnen zu h\u00f6ren und Ihnen mit Rat und Tat zur Seite zu stehen. <\/p>\r\n\t\t\t\t\t\r\n\r\n\r\n\t\t\t\t<\/div>\t\r\n\r\n\t\t\t<\/div>\r\n\r\n\t\t\r\n\t\t\t\t\t\t<\/div>\n\t\t\t\t<\/div>\n\t\t\t\t\t<\/div>\n\t\t<\/div>\n\t\t\t\t\t<\/div>\n\t\t<\/section>\n\t\t<div class=\"elementor-element elementor-element-97bb1a3 e-flex e-con-boxed e-con e-parent\" data-id=\"97bb1a3\" data-element_type=\"container\" data-e-type=\"container\">\n\t\t\t\t\t<div class=\"e-con-inner\">\n\t\t\t\t<div class=\"elementor-element elementor-element-1d6e240 bookingtime_iframe elementor-widget elementor-widget-html\" data-id=\"1d6e240\" data-element_type=\"widget\" data-e-type=\"widget\" data-widget_type=\"html.default\">\n\t\t\t\t<div class=\"elementor-widget-container\">\n\t\t\t\t\t<iframe width=\"900\" height=\"850\" frameborder=\"0\" webkitallowfullscreen=\"\" mozallowfullscreen=\"\" allowfullscreen=\"\" src=\"https:\/\/module.bookingtime.com\/booking\/organization\/f6NQ8lbGhya5V3UF1Ey2Y9gNZ2DY6hw0\/moduleConfig\/5fnAbdvzikVSzwj3jB7TciK2KFG8P7Xy\"><\/iframe>\t\t\t\t<\/div>\n\t\t\t\t<\/div>\n\t\t\t\t\t<\/div>\n\t\t\t\t<\/div>\n\t\t\t\t<section class=\"elementor-section elementor-top-section elementor-element elementor-element-7d1c566 elementor-section-full_width elementor-section-height-default elementor-section-height-default\" data-id=\"7d1c566\" data-element_type=\"section\" data-e-type=\"section\" data-settings=\"{&quot;background_background&quot;:&quot;classic&quot;}\">\n\t\t\t\t\t\t<div class=\"elementor-container elementor-column-gap-default\">\n\t\t\t\t\t<div class=\"elementor-column elementor-col-100 elementor-top-column elementor-element elementor-element-daf2cc2\" data-id=\"daf2cc2\" data-element_type=\"column\" data-e-type=\"column\">\n\t\t\t<div class=\"elementor-widget-wrap elementor-element-populated\">\n\t\t\t\t\t\t<section class=\"elementor-section elementor-inner-section elementor-element elementor-element-2607786 elementor-section-content-middle elementor-section-boxed elementor-section-height-default elementor-section-height-default\" data-id=\"2607786\" data-element_type=\"section\" data-e-type=\"section\">\n\t\t\t\t\t\t<div class=\"elementor-container elementor-column-gap-default\">\n\t\t\t\t\t<div class=\"elementor-column elementor-col-50 elementor-inner-column elementor-element elementor-element-62f278c\" data-id=\"62f278c\" data-element_type=\"column\" data-e-type=\"column\">\n\t\t\t<div class=\"elementor-widget-wrap elementor-element-populated\">\n\t\t\t\t\t\t<div class=\"elementor-element elementor-element-02ca2a4 elementor-widget elementor-widget-heading\" data-id=\"02ca2a4\" data-element_type=\"widget\" data-e-type=\"widget\" data-widget_type=\"heading.default\">\n\t\t\t\t<div class=\"elementor-widget-container\">\n\t\t\t\t\t<h2 class=\"elementor-heading-title elementor-size-default\">\/\/ Sie m\u00f6chten sich einen Einblick verschaffen?<\/h2>\t\t\t\t<\/div>\n\t\t\t\t<\/div>\n\t\t\t\t<div class=\"elementor-element elementor-element-444fe2c elementor-widget elementor-widget-heading\" data-id=\"444fe2c\" data-element_type=\"widget\" data-e-type=\"widget\" data-widget_type=\"heading.default\">\n\t\t\t\t<div class=\"elementor-widget-container\">\n\t\t\t\t\t<h2 class=\"elementor-heading-title elementor-size-default\">Testen Sie Ihre M\u00f6glichkeiten.<\/h2>\t\t\t\t<\/div>\n\t\t\t\t<\/div>\n\t\t\t\t\t<\/div>\n\t\t<\/div>\n\t\t\t\t<div class=\"elementor-column elementor-col-50 elementor-inner-column elementor-element elementor-element-2759b38\" data-id=\"2759b38\" data-element_type=\"column\" data-e-type=\"column\">\n\t\t\t<div class=\"elementor-widget-wrap elementor-element-populated\">\n\t\t\t\t\t\t<div class=\"elementor-element elementor-element-43d21e8 elementor-widget__width-initial elementor-widget elementor-widget-calltoaction\" data-id=\"43d21e8\" data-element_type=\"widget\" data-e-type=\"widget\" data-widget_type=\"calltoaction.default\">\n\t\t\t\t<div class=\"elementor-widget-container\">\n\t\t\t\t\t\r\n\t\t\r\n\t\t\t<div class=\"call-to-action style-one\">\r\n\t\t\t\t<div class=\"call-to-video\">\r\n\r\n\t\t\t\t\t\r\n\t\t\t\t<\/div>\r\n\r\n\t\t\t\t<div class=\"single_call-to-action_text\">\r\n\t\t\t\t\t<div class=\"call-to-action_top_text\">\r\n\t\t\t\t\t\t<div class=\"call-to-action-title\">\r\n\t\t\t\t\t\t\t<span class=\"subtitlespan\"><h3><\/h3><\/span>\r\n\t\t\t\t\t\t\t<h2><\/h2>\r\n\t\t\t\t\t\t<\/div>\r\n\t\t\t\t\t<\/div>\r\n\t\t\t\t\t<div class=\"call-to-action-inner\">\r\n\t\t\t\t\t\t<div class=\"call-to-action-desc\">\r\n\t\t\t\t\t\t\t<p><\/p>\r\n\t\t\t\t\t\t<\/div>\r\n\t\t\t\t\t<\/div>\r\n\r\n\t\t\t\t\t\t\t\t\t\t<div class=\"call-to-action-btn\">\r\n\t\t\t\t\t\t<a  target=\"_blank\" href=\"https:\/\/app.bookingtime.com\/setup\">Kostenlos ausprobieren<\/a>\r\n\t\t\t\t\t<\/div>\r\n\t\t\t\t\t\t\t\t\t<\/div>\r\n\t\t\t<\/div>\r\n\r\n\t\t\r\n\t\t\t\t\t\t<\/div>\n\t\t\t\t<\/div>\n\t\t\t\t\t<\/div>\n\t\t<\/div>\n\t\t\t\t\t<\/div>\n\t\t<\/section>\n\t\t\t\t\t<\/div>\n\t\t<\/div>\n\t\t\t\t\t<\/div>\n\t\t<\/section>\n\t\t\t\t<\/div>\n\t\t","protected":false},"excerpt":{"rendered":"<p>Wie k\u00f6nnen wir Sie am Besten beraten? Sie m\u00f6chten unsere Software f\u00fcr Ihr Unternehmen nutzen oder sind bereits Kunde und haben Fragen zur Software? Dann setzen Sie sich gern mit uns in Verbindung. Wir freuen uns darauf, von Ihnen zu h\u00f6ren und Ihnen mit Rat und Tat zur Seite zu stehen. \/\/ Sie m\u00f6chten sich [&hellip;]<\/p>\n","protected":false},"author":5,"featured_media":26633,"parent":20762,"menu_order":0,"comment_status":"closed","ping_status":"closed","template":"page-templates\/template-default.php","meta":{"footnotes":""},"class_list":["post-21466","page","type-page","status-publish","has-post-thumbnail","hentry"],"yoast_head":"<!-- This site is optimized with the Yoast SEO plugin v26.9 - https:\/\/yoast.com\/product\/yoast-seo-wordpress\/ -->\n<title>Kontakt - bookingtime<\/title>\n<meta name=\"robots\" content=\"index, follow, max-snippet:-1, max-image-preview:large, max-video-preview:-1\" \/>\n<link rel=\"canonical\" href=\"https:\/\/www.bookingtime.com\/de\/bs\/kontakt-business\/\" \/>\n<meta property=\"og:locale\" content=\"de_DE\" \/>\n<meta property=\"og:type\" content=\"article\" \/>\n<meta property=\"og:title\" content=\"Kontakt - bookingtime\" \/>\n<meta property=\"og:description\" content=\"Wie k\u00f6nnen wir Sie am Besten beraten? Sie m\u00f6chten unsere Software f\u00fcr Ihr Unternehmen nutzen oder sind bereits Kunde und haben Fragen zur Software? Dann setzen Sie sich gern mit uns in Verbindung. Wir freuen uns darauf, von Ihnen zu h\u00f6ren und Ihnen mit Rat und Tat zur Seite zu stehen. \/\/ Sie m\u00f6chten sich [&hellip;]\" \/>\n<meta property=\"og:url\" content=\"https:\/\/www.bookingtime.com\/de\/bs\/kontakt-business\/\" \/>\n<meta property=\"og:site_name\" content=\"bookingtime\" \/>\n<meta property=\"article:modified_time\" content=\"2026-01-12T11:47:53+00:00\" \/>\n<meta property=\"og:image\" content=\"https:\/\/www.bookingtime.com\/wp-content\/uploads\/2026\/01\/bookingtime_logo_og.jpg\" \/>\n\t<meta property=\"og:image:width\" content=\"1200\" \/>\n\t<meta property=\"og:image:height\" content=\"630\" \/>\n\t<meta property=\"og:image:type\" content=\"image\/jpeg\" \/>\n<meta name=\"twitter:card\" content=\"summary_large_image\" \/>\n<meta name=\"twitter:label1\" content=\"Gesch\u00e4tzte Lesezeit\" \/>\n\t<meta name=\"twitter:data1\" content=\"1\u00a0Minute\" \/>\n<script type=\"application\/ld+json\" class=\"yoast-schema-graph\">{\"@context\":\"https:\/\/schema.org\",\"@graph\":[{\"@type\":\"WebPage\",\"@id\":\"https:\/\/www.bookingtime.com\/de\/bs\/kontakt-business\/\",\"url\":\"https:\/\/www.bookingtime.com\/de\/bs\/kontakt-business\/\",\"name\":\"Kontakt - bookingtime\",\"isPartOf\":{\"@id\":\"https:\/\/www.bookingtime.com\/de\/#website\"},\"primaryImageOfPage\":{\"@id\":\"https:\/\/www.bookingtime.com\/de\/bs\/kontakt-business\/#primaryimage\"},\"image\":{\"@id\":\"https:\/\/www.bookingtime.com\/de\/bs\/kontakt-business\/#primaryimage\"},\"thumbnailUrl\":\"https:\/\/www.bookingtime.com\/wp-content\/uploads\/2026\/01\/bookingtime_logo_og.jpg\",\"datePublished\":\"2024-09-27T08:24:25+00:00\",\"dateModified\":\"2026-01-12T11:47:53+00:00\",\"breadcrumb\":{\"@id\":\"https:\/\/www.bookingtime.com\/de\/bs\/kontakt-business\/#breadcrumb\"},\"inLanguage\":\"de\",\"potentialAction\":[{\"@type\":\"ReadAction\",\"target\":[\"https:\/\/www.bookingtime.com\/de\/bs\/kontakt-business\/\"]}]},{\"@type\":\"ImageObject\",\"inLanguage\":\"de\",\"@id\":\"https:\/\/www.bookingtime.com\/de\/bs\/kontakt-business\/#primaryimage\",\"url\":\"https:\/\/www.bookingtime.com\/wp-content\/uploads\/2026\/01\/bookingtime_logo_og.jpg\",\"contentUrl\":\"https:\/\/www.bookingtime.com\/wp-content\/uploads\/2026\/01\/bookingtime_logo_og.jpg\",\"width\":1200,\"height\":630},{\"@type\":\"BreadcrumbList\",\"@id\":\"https:\/\/www.bookingtime.com\/de\/bs\/kontakt-business\/#breadcrumb\",\"itemListElement\":[{\"@type\":\"ListItem\",\"position\":1,\"name\":\"Home\",\"item\":\"https:\/\/www.bookingtime.com\/de\/\"},{\"@type\":\"ListItem\",\"position\":2,\"name\":\"Homepage Business\",\"item\":\"https:\/\/www.bookingtime.com\/de\/bs\/\"},{\"@type\":\"ListItem\",\"position\":3,\"name\":\"Kontakt\"}]},{\"@type\":\"WebSite\",\"@id\":\"https:\/\/www.bookingtime.com\/de\/#website\",\"url\":\"https:\/\/www.bookingtime.com\/de\/\",\"name\":\"bookingtime\",\"description\":\"\",\"publisher\":{\"@id\":\"https:\/\/www.bookingtime.com\/de\/#organization\"},\"potentialAction\":[{\"@type\":\"SearchAction\",\"target\":{\"@type\":\"EntryPoint\",\"urlTemplate\":\"https:\/\/www.bookingtime.com\/de\/?s={search_term_string}\"},\"query-input\":{\"@type\":\"PropertyValueSpecification\",\"valueRequired\":true,\"valueName\":\"search_term_string\"}}],\"inLanguage\":\"de\"},{\"@type\":\"Organization\",\"@id\":\"https:\/\/www.bookingtime.com\/de\/#organization\",\"name\":\"bookingtime GmbH\",\"url\":\"https:\/\/www.bookingtime.com\/de\/\",\"logo\":{\"@type\":\"ImageObject\",\"inLanguage\":\"de\",\"@id\":\"https:\/\/www.bookingtime.com\/de\/#\/schema\/logo\/image\/\",\"url\":\"https:\/\/www.bookingtime.com\/wp-content\/uploads\/2024\/05\/bookingtime-logo.png\",\"contentUrl\":\"https:\/\/www.bookingtime.com\/wp-content\/uploads\/2024\/05\/bookingtime-logo.png\",\"width\":1000,\"height\":175,\"caption\":\"bookingtime GmbH\"},\"image\":{\"@id\":\"https:\/\/www.bookingtime.com\/de\/#\/schema\/logo\/image\/\"}}]}<\/script>\n<!-- \/ Yoast SEO plugin. -->","yoast_head_json":{"title":"Kontakt - bookingtime","robots":{"index":"index","follow":"follow","max-snippet":"max-snippet:-1","max-image-preview":"max-image-preview:large","max-video-preview":"max-video-preview:-1"},"canonical":"https:\/\/www.bookingtime.com\/de\/bs\/kontakt-business\/","og_locale":"de_DE","og_type":"article","og_title":"Kontakt - bookingtime","og_description":"Wie k\u00f6nnen wir Sie am Besten beraten? Sie m\u00f6chten unsere Software f\u00fcr Ihr Unternehmen nutzen oder sind bereits Kunde und haben Fragen zur Software? Dann setzen Sie sich gern mit uns in Verbindung. Wir freuen uns darauf, von Ihnen zu h\u00f6ren und Ihnen mit Rat und Tat zur Seite zu stehen. \/\/ Sie m\u00f6chten sich [&hellip;]","og_url":"https:\/\/www.bookingtime.com\/de\/bs\/kontakt-business\/","og_site_name":"bookingtime","article_modified_time":"2026-01-12T11:47:53+00:00","og_image":[{"width":1200,"height":630,"url":"https:\/\/www.bookingtime.com\/wp-content\/uploads\/2026\/01\/bookingtime_logo_og.jpg","type":"image\/jpeg"}],"twitter_card":"summary_large_image","twitter_misc":{"Gesch\u00e4tzte Lesezeit":"1\u00a0Minute"},"schema":{"@context":"https:\/\/schema.org","@graph":[{"@type":"WebPage","@id":"https:\/\/www.bookingtime.com\/de\/bs\/kontakt-business\/","url":"https:\/\/www.bookingtime.com\/de\/bs\/kontakt-business\/","name":"Kontakt - bookingtime","isPartOf":{"@id":"https:\/\/www.bookingtime.com\/de\/#website"},"primaryImageOfPage":{"@id":"https:\/\/www.bookingtime.com\/de\/bs\/kontakt-business\/#primaryimage"},"image":{"@id":"https:\/\/www.bookingtime.com\/de\/bs\/kontakt-business\/#primaryimage"},"thumbnailUrl":"https:\/\/www.bookingtime.com\/wp-content\/uploads\/2026\/01\/bookingtime_logo_og.jpg","datePublished":"2024-09-27T08:24:25+00:00","dateModified":"2026-01-12T11:47:53+00:00","breadcrumb":{"@id":"https:\/\/www.bookingtime.com\/de\/bs\/kontakt-business\/#breadcrumb"},"inLanguage":"de","potentialAction":[{"@type":"ReadAction","target":["https:\/\/www.bookingtime.com\/de\/bs\/kontakt-business\/"]}]},{"@type":"ImageObject","inLanguage":"de","@id":"https:\/\/www.bookingtime.com\/de\/bs\/kontakt-business\/#primaryimage","url":"https:\/\/www.bookingtime.com\/wp-content\/uploads\/2026\/01\/bookingtime_logo_og.jpg","contentUrl":"https:\/\/www.bookingtime.com\/wp-content\/uploads\/2026\/01\/bookingtime_logo_og.jpg","width":1200,"height":630},{"@type":"BreadcrumbList","@id":"https:\/\/www.bookingtime.com\/de\/bs\/kontakt-business\/#breadcrumb","itemListElement":[{"@type":"ListItem","position":1,"name":"Home","item":"https:\/\/www.bookingtime.com\/de\/"},{"@type":"ListItem","position":2,"name":"Homepage Business","item":"https:\/\/www.bookingtime.com\/de\/bs\/"},{"@type":"ListItem","position":3,"name":"Kontakt"}]},{"@type":"WebSite","@id":"https:\/\/www.bookingtime.com\/de\/#website","url":"https:\/\/www.bookingtime.com\/de\/","name":"bookingtime","description":"","publisher":{"@id":"https:\/\/www.bookingtime.com\/de\/#organization"},"potentialAction":[{"@type":"SearchAction","target":{"@type":"EntryPoint","urlTemplate":"https:\/\/www.bookingtime.com\/de\/?s={search_term_string}"},"query-input":{"@type":"PropertyValueSpecification","valueRequired":true,"valueName":"search_term_string"}}],"inLanguage":"de"},{"@type":"Organization","@id":"https:\/\/www.bookingtime.com\/de\/#organization","name":"bookingtime GmbH","url":"https:\/\/www.bookingtime.com\/de\/","logo":{"@type":"ImageObject","inLanguage":"de","@id":"https:\/\/www.bookingtime.com\/de\/#\/schema\/logo\/image\/","url":"https:\/\/www.bookingtime.com\/wp-content\/uploads\/2024\/05\/bookingtime-logo.png","contentUrl":"https:\/\/www.bookingtime.com\/wp-content\/uploads\/2024\/05\/bookingtime-logo.png","width":1000,"height":175,"caption":"bookingtime GmbH"},"image":{"@id":"https:\/\/www.bookingtime.com\/de\/#\/schema\/logo\/image\/"}}]}},"_links":{"self":[{"href":"https:\/\/www.bookingtime.com\/de\/wp-json\/wp\/v2\/pages\/21466","targetHints":{"allow":["GET"]}}],"collection":[{"href":"https:\/\/www.bookingtime.com\/de\/wp-json\/wp\/v2\/pages"}],"about":[{"href":"https:\/\/www.bookingtime.com\/de\/wp-json\/wp\/v2\/types\/page"}],"author":[{"embeddable":true,"href":"https:\/\/www.bookingtime.com\/de\/wp-json\/wp\/v2\/users\/5"}],"replies":[{"embeddable":true,"href":"https:\/\/www.bookingtime.com\/de\/wp-json\/wp\/v2\/comments?post=21466"}],"version-history":[{"count":11,"href":"https:\/\/www.bookingtime.com\/de\/wp-json\/wp\/v2\/pages\/21466\/revisions"}],"predecessor-version":[{"id":24212,"href":"https:\/\/www.bookingtime.com\/de\/wp-json\/wp\/v2\/pages\/21466\/revisions\/24212"}],"up":[{"embeddable":true,"href":"https:\/\/www.bookingtime.com\/de\/wp-json\/wp\/v2\/pages\/20762"}],"wp:featuredmedia":[{"embeddable":true,"href":"https:\/\/www.bookingtime.com\/de\/wp-json\/wp\/v2\/media\/26633"}],"wp:attachment":[{"href":"https:\/\/www.bookingtime.com\/de\/wp-json\/wp\/v2\/media?parent=21466"}],"curies":[{"name":"wp","href":"https:\/\/api.w.org\/{rel}","templated":true}]}}