{"id":3132,"date":"2021-01-14T07:38:01","date_gmt":"2021-01-14T07:38:01","guid":{"rendered":"https:\/\/wp.ditsolution.net\/techno?page_id=3132"},"modified":"2026-01-12T12:52:27","modified_gmt":"2026-01-12T11:52:27","slug":"kontakt-enterprise","status":"publish","type":"page","link":"https:\/\/www.bookingtime.com\/de\/eps\/kontakt-enterprise\/","title":{"rendered":"Kontakt"},"content":{"rendered":"\t\t<div data-elementor-type=\"wp-page\" data-elementor-id=\"3132\" class=\"elementor elementor-3132\">\n\t\t\t\t\t\t<section class=\"elementor-section elementor-top-section elementor-element elementor-element-6ebe5e6 elementor-section-boxed elementor-section-height-default elementor-section-height-default\" data-id=\"6ebe5e6\" data-element_type=\"section\" data-e-type=\"section\">\n\t\t\t\t\t\t<div class=\"elementor-container elementor-column-gap-default\">\n\t\t\t\t\t<div class=\"elementor-column elementor-col-100 elementor-top-column elementor-element elementor-element-7a2cfc5\" data-id=\"7a2cfc5\" data-element_type=\"column\" data-e-type=\"column\">\n\t\t\t<div class=\"elementor-widget-wrap elementor-element-populated\">\n\t\t\t\t\t\t<div class=\"elementor-element elementor-element-c361dbb elementor-widget elementor-widget-sectiontitle\" data-id=\"c361dbb\" data-element_type=\"widget\" data-e-type=\"widget\" data-widget_type=\"sectiontitle.default\">\n\t\t\t\t<div class=\"elementor-widget-container\">\n\t\t\t\t\t\r\n\t\t\t\t\t<div class=\"\">\r\n\r\n\t\t\t\t<div class=\"section-title t_center\">\r\n\t\t\t\t\t\r\n\t\t\t\t\t \r\n\t\t\t\t\t\t<h3>Wie k\u00f6nnen wir Sie <\/h3>\r\n\t\t\t\t\t\r\n\t\t\t\t\t \r\n\t\t\t\t\t\t<h2>am Besten <span>beraten?<\/span><\/h2>\r\n\t\t\t\t\t\t\t\t\t\t<div class=\"bar-main\">\r\n\t\t\t\t\t\t<div class=\"bar bar-big\"><\/div>\r\n\t\t\t\t\t<\/div>\r\n\r\n\t\t\t\t\t \r\n\t\t\t\t\t\t<p>Sie m\u00f6chten unsere Software f\u00fcr Ihr Unternehmen nutzen und dabei von individueller Beratung, 1st und 2nd Level-Support, Anbindung an unsere API und vielen weiteren Vorteilen profitieren? Dann setzen Sie sich gern mit uns in Verbindung. Unser hochmotiviertes Team steht Ihnen zur Seite, um ma\u00dfgeschneiderte L\u00f6sungen zu entwickeln und Ihre speziellen Anforderungen zu erf\u00fcllen. Wir freuen uns darauf, von Ihnen zu h\u00f6ren und gemeinsam die beste L\u00f6sung f\u00fcr Ihr Unternehmen zu finden.\n<\/p>\r\n\t\t\t\t\t\r\n\r\n\r\n\t\t\t\t<\/div>\t\r\n\r\n\t\t\t<\/div>\r\n\r\n\t\t\r\n\t\t\t\t\t\t<\/div>\n\t\t\t\t<\/div>\n\t\t\t\t\t<\/div>\n\t\t<\/div>\n\t\t\t\t\t<\/div>\n\t\t<\/section>\n\t\t<div class=\"elementor-element elementor-element-2639b72 e-flex e-con-boxed e-con e-parent\" data-id=\"2639b72\" data-element_type=\"container\" data-e-type=\"container\">\n\t\t\t\t\t<div class=\"e-con-inner\">\n\t\t\t\t<div class=\"elementor-element elementor-element-1677a0c bookingtime_iframe elementor-widget elementor-widget-html\" data-id=\"1677a0c\" data-element_type=\"widget\" data-e-type=\"widget\" data-widget_type=\"html.default\">\n\t\t\t\t<div class=\"elementor-widget-container\">\n\t\t\t\t\t<iframe width=\"900\" height=\"750\" frameborder=\"0\" webkitallowfullscreen=\"\" mozallowfullscreen=\"\" allowfullscreen=\"\" src=\"https:\/\/module.bookingtime.com\/booking\/organization\/f6NQ8lbGhya5V3UF1Ey2Y9gNZ2DY6hw0\/moduleConfig\/5fzVvUwg8b8SWdm3RZ40olhdFwjtmrtx\"><\/iframe>\t\t\t\t<\/div>\n\t\t\t\t<\/div>\n\t\t\t\t\t<\/div>\n\t\t\t\t<\/div>\n\t\t\t\t<section class=\"elementor-section elementor-top-section elementor-element elementor-element-098436f elementor-section-full_width elementor-section-height-default elementor-section-height-default\" data-id=\"098436f\" data-element_type=\"section\" data-e-type=\"section\" data-settings=\"{&quot;background_background&quot;:&quot;classic&quot;}\">\n\t\t\t\t\t\t<div class=\"elementor-container elementor-column-gap-default\">\n\t\t\t\t\t<div class=\"elementor-column elementor-col-100 elementor-top-column elementor-element elementor-element-e75dbc3\" data-id=\"e75dbc3\" data-element_type=\"column\" data-e-type=\"column\">\n\t\t\t<div class=\"elementor-widget-wrap elementor-element-populated\">\n\t\t\t\t\t\t<section class=\"elementor-section elementor-inner-section elementor-element elementor-element-a37eb29 elementor-section-content-middle elementor-section-boxed elementor-section-height-default elementor-section-height-default\" data-id=\"a37eb29\" data-element_type=\"section\" data-e-type=\"section\">\n\t\t\t\t\t\t<div class=\"elementor-container elementor-column-gap-default\">\n\t\t\t\t\t<div class=\"elementor-column elementor-col-50 elementor-inner-column elementor-element elementor-element-53e0642\" data-id=\"53e0642\" data-element_type=\"column\" data-e-type=\"column\">\n\t\t\t<div class=\"elementor-widget-wrap elementor-element-populated\">\n\t\t\t\t\t\t<div class=\"elementor-element elementor-element-f6581e0 elementor-widget elementor-widget-heading\" data-id=\"f6581e0\" data-element_type=\"widget\" data-e-type=\"widget\" data-widget_type=\"heading.default\">\n\t\t\t\t<div class=\"elementor-widget-container\">\n\t\t\t\t\t<h2 class=\"elementor-heading-title elementor-size-default\">\/\/ Sie m\u00f6chten sich einen Einblick verschaffen?<\/h2>\t\t\t\t<\/div>\n\t\t\t\t<\/div>\n\t\t\t\t<div class=\"elementor-element elementor-element-7ef4a3b elementor-widget elementor-widget-heading\" data-id=\"7ef4a3b\" data-element_type=\"widget\" data-e-type=\"widget\" data-widget_type=\"heading.default\">\n\t\t\t\t<div class=\"elementor-widget-container\">\n\t\t\t\t\t<h2 class=\"elementor-heading-title elementor-size-default\">Testen Sie Ihre M\u00f6glichkeiten mit uns.<\/h2>\t\t\t\t<\/div>\n\t\t\t\t<\/div>\n\t\t\t\t\t<\/div>\n\t\t<\/div>\n\t\t\t\t<div class=\"elementor-column elementor-col-50 elementor-inner-column elementor-element elementor-element-dbe62aa\" data-id=\"dbe62aa\" data-element_type=\"column\" data-e-type=\"column\">\n\t\t\t<div class=\"elementor-widget-wrap elementor-element-populated\">\n\t\t\t\t\t\t<div class=\"elementor-element elementor-element-72aba8d elementor-widget__width-initial elementor-widget elementor-widget-calltoaction\" data-id=\"72aba8d\" data-element_type=\"widget\" data-e-type=\"widget\" data-widget_type=\"calltoaction.default\">\n\t\t\t\t<div class=\"elementor-widget-container\">\n\t\t\t\t\t\r\n\t\t\r\n\t\t\t<div class=\"call-to-action style-one\">\r\n\t\t\t\t<div class=\"call-to-video\">\r\n\r\n\t\t\t\t\t\r\n\t\t\t\t<\/div>\r\n\r\n\t\t\t\t<div class=\"single_call-to-action_text\">\r\n\t\t\t\t\t<div class=\"call-to-action_top_text\">\r\n\t\t\t\t\t\t<div class=\"call-to-action-title\">\r\n\t\t\t\t\t\t\t<span class=\"subtitlespan\"><h3><\/h3><\/span>\r\n\t\t\t\t\t\t\t<h2><\/h2>\r\n\t\t\t\t\t\t<\/div>\r\n\t\t\t\t\t<\/div>\r\n\t\t\t\t\t<div class=\"call-to-action-inner\">\r\n\t\t\t\t\t\t<div class=\"call-to-action-desc\">\r\n\t\t\t\t\t\t\t<p><\/p>\r\n\t\t\t\t\t\t<\/div>\r\n\t\t\t\t\t<\/div>\r\n\r\n\t\t\t\t\t\t\t\t\t\t<div class=\"call-to-action-btn\">\r\n\t\t\t\t\t\t<a  target=\"_blank\" href=\"https:\/\/app.bookingtime.com\/setup\">Kostenlos ausprobieren<\/a>\r\n\t\t\t\t\t<\/div>\r\n\t\t\t\t\t\t\t\t\t<\/div>\r\n\t\t\t<\/div>\r\n\r\n\t\t\r\n\t\t\t\t\t\t<\/div>\n\t\t\t\t<\/div>\n\t\t\t\t\t<\/div>\n\t\t<\/div>\n\t\t\t\t\t<\/div>\n\t\t<\/section>\n\t\t\t\t\t<\/div>\n\t\t<\/div>\n\t\t\t\t\t<\/div>\n\t\t<\/section>\n\t\t\t\t<\/div>\n\t\t","protected":false},"excerpt":{"rendered":"<p>Wie k\u00f6nnen wir Sie am Besten beraten? Sie m\u00f6chten unsere Software f\u00fcr Ihr Unternehmen nutzen und dabei von individueller Beratung, 1st und 2nd Level-Support, Anbindung an unsere API und vielen weiteren Vorteilen profitieren? Dann setzen Sie sich gern mit uns in Verbindung. Unser hochmotiviertes Team steht Ihnen zur Seite, um ma\u00dfgeschneiderte L\u00f6sungen zu entwickeln und [&hellip;]<\/p>\n","protected":false},"author":5,"featured_media":26633,"parent":14118,"menu_order":0,"comment_status":"closed","ping_status":"closed","template":"page-templates\/template-default.php","meta":{"footnotes":""},"class_list":["post-3132","page","type-page","status-publish","has-post-thumbnail","hentry"],"yoast_head":"<!-- This site is optimized with the Yoast SEO plugin v26.9 - https:\/\/yoast.com\/product\/yoast-seo-wordpress\/ -->\n<title>Kontakt - bookingtime<\/title>\n<meta name=\"robots\" content=\"index, follow, max-snippet:-1, max-image-preview:large, max-video-preview:-1\" \/>\n<link rel=\"canonical\" href=\"https:\/\/www.bookingtime.com\/de\/eps\/kontakt-enterprise\/\" \/>\n<meta property=\"og:locale\" content=\"de_DE\" \/>\n<meta property=\"og:type\" content=\"article\" \/>\n<meta property=\"og:title\" content=\"Kontakt - bookingtime\" \/>\n<meta property=\"og:description\" content=\"Wie k\u00f6nnen wir Sie am Besten beraten? Sie m\u00f6chten unsere Software f\u00fcr Ihr Unternehmen nutzen und dabei von individueller Beratung, 1st und 2nd Level-Support, Anbindung an unsere API und vielen weiteren Vorteilen profitieren? Dann setzen Sie sich gern mit uns in Verbindung. Unser hochmotiviertes Team steht Ihnen zur Seite, um ma\u00dfgeschneiderte L\u00f6sungen zu entwickeln und [&hellip;]\" \/>\n<meta property=\"og:url\" content=\"https:\/\/www.bookingtime.com\/de\/eps\/kontakt-enterprise\/\" \/>\n<meta property=\"og:site_name\" content=\"bookingtime\" \/>\n<meta property=\"article:modified_time\" content=\"2026-01-12T11:52:27+00:00\" \/>\n<meta property=\"og:image\" content=\"https:\/\/www.bookingtime.com\/wp-content\/uploads\/2026\/01\/bookingtime_logo_og.jpg\" \/>\n\t<meta property=\"og:image:width\" content=\"1200\" \/>\n\t<meta property=\"og:image:height\" content=\"630\" \/>\n\t<meta property=\"og:image:type\" content=\"image\/jpeg\" \/>\n<meta name=\"twitter:card\" content=\"summary_large_image\" \/>\n<meta name=\"twitter:label1\" content=\"Gesch\u00e4tzte Lesezeit\" \/>\n\t<meta name=\"twitter:data1\" content=\"1\u00a0Minute\" \/>\n<script type=\"application\/ld+json\" class=\"yoast-schema-graph\">{\"@context\":\"https:\/\/schema.org\",\"@graph\":[{\"@type\":\"WebPage\",\"@id\":\"https:\/\/www.bookingtime.com\/de\/eps\/kontakt-enterprise\/\",\"url\":\"https:\/\/www.bookingtime.com\/de\/eps\/kontakt-enterprise\/\",\"name\":\"Kontakt - bookingtime\",\"isPartOf\":{\"@id\":\"https:\/\/www.bookingtime.com\/de\/#website\"},\"primaryImageOfPage\":{\"@id\":\"https:\/\/www.bookingtime.com\/de\/eps\/kontakt-enterprise\/#primaryimage\"},\"image\":{\"@id\":\"https:\/\/www.bookingtime.com\/de\/eps\/kontakt-enterprise\/#primaryimage\"},\"thumbnailUrl\":\"https:\/\/www.bookingtime.com\/wp-content\/uploads\/2026\/01\/bookingtime_logo_og.jpg\",\"datePublished\":\"2021-01-14T07:38:01+00:00\",\"dateModified\":\"2026-01-12T11:52:27+00:00\",\"breadcrumb\":{\"@id\":\"https:\/\/www.bookingtime.com\/de\/eps\/kontakt-enterprise\/#breadcrumb\"},\"inLanguage\":\"de\",\"potentialAction\":[{\"@type\":\"ReadAction\",\"target\":[\"https:\/\/www.bookingtime.com\/de\/eps\/kontakt-enterprise\/\"]}]},{\"@type\":\"ImageObject\",\"inLanguage\":\"de\",\"@id\":\"https:\/\/www.bookingtime.com\/de\/eps\/kontakt-enterprise\/#primaryimage\",\"url\":\"https:\/\/www.bookingtime.com\/wp-content\/uploads\/2026\/01\/bookingtime_logo_og.jpg\",\"contentUrl\":\"https:\/\/www.bookingtime.com\/wp-content\/uploads\/2026\/01\/bookingtime_logo_og.jpg\",\"width\":1200,\"height\":630},{\"@type\":\"BreadcrumbList\",\"@id\":\"https:\/\/www.bookingtime.com\/de\/eps\/kontakt-enterprise\/#breadcrumb\",\"itemListElement\":[{\"@type\":\"ListItem\",\"position\":1,\"name\":\"Home\",\"item\":\"https:\/\/www.bookingtime.com\/de\/\"},{\"@type\":\"ListItem\",\"position\":2,\"name\":\"Homepage Enterprise\",\"item\":\"https:\/\/www.bookingtime.com\/de\/eps\/\"},{\"@type\":\"ListItem\",\"position\":3,\"name\":\"Kontakt\"}]},{\"@type\":\"WebSite\",\"@id\":\"https:\/\/www.bookingtime.com\/de\/#website\",\"url\":\"https:\/\/www.bookingtime.com\/de\/\",\"name\":\"bookingtime\",\"description\":\"\",\"publisher\":{\"@id\":\"https:\/\/www.bookingtime.com\/de\/#organization\"},\"potentialAction\":[{\"@type\":\"SearchAction\",\"target\":{\"@type\":\"EntryPoint\",\"urlTemplate\":\"https:\/\/www.bookingtime.com\/de\/?s={search_term_string}\"},\"query-input\":{\"@type\":\"PropertyValueSpecification\",\"valueRequired\":true,\"valueName\":\"search_term_string\"}}],\"inLanguage\":\"de\"},{\"@type\":\"Organization\",\"@id\":\"https:\/\/www.bookingtime.com\/de\/#organization\",\"name\":\"bookingtime GmbH\",\"url\":\"https:\/\/www.bookingtime.com\/de\/\",\"logo\":{\"@type\":\"ImageObject\",\"inLanguage\":\"de\",\"@id\":\"https:\/\/www.bookingtime.com\/de\/#\/schema\/logo\/image\/\",\"url\":\"https:\/\/www.bookingtime.com\/wp-content\/uploads\/2024\/05\/bookingtime-logo.png\",\"contentUrl\":\"https:\/\/www.bookingtime.com\/wp-content\/uploads\/2024\/05\/bookingtime-logo.png\",\"width\":1000,\"height\":175,\"caption\":\"bookingtime GmbH\"},\"image\":{\"@id\":\"https:\/\/www.bookingtime.com\/de\/#\/schema\/logo\/image\/\"}}]}<\/script>\n<!-- \/ Yoast SEO plugin. -->","yoast_head_json":{"title":"Kontakt - bookingtime","robots":{"index":"index","follow":"follow","max-snippet":"max-snippet:-1","max-image-preview":"max-image-preview:large","max-video-preview":"max-video-preview:-1"},"canonical":"https:\/\/www.bookingtime.com\/de\/eps\/kontakt-enterprise\/","og_locale":"de_DE","og_type":"article","og_title":"Kontakt - bookingtime","og_description":"Wie k\u00f6nnen wir Sie am Besten beraten? Sie m\u00f6chten unsere Software f\u00fcr Ihr Unternehmen nutzen und dabei von individueller Beratung, 1st und 2nd Level-Support, Anbindung an unsere API und vielen weiteren Vorteilen profitieren? Dann setzen Sie sich gern mit uns in Verbindung. Unser hochmotiviertes Team steht Ihnen zur Seite, um ma\u00dfgeschneiderte L\u00f6sungen zu entwickeln und [&hellip;]","og_url":"https:\/\/www.bookingtime.com\/de\/eps\/kontakt-enterprise\/","og_site_name":"bookingtime","article_modified_time":"2026-01-12T11:52:27+00:00","og_image":[{"width":1200,"height":630,"url":"https:\/\/www.bookingtime.com\/wp-content\/uploads\/2026\/01\/bookingtime_logo_og.jpg","type":"image\/jpeg"}],"twitter_card":"summary_large_image","twitter_misc":{"Gesch\u00e4tzte Lesezeit":"1\u00a0Minute"},"schema":{"@context":"https:\/\/schema.org","@graph":[{"@type":"WebPage","@id":"https:\/\/www.bookingtime.com\/de\/eps\/kontakt-enterprise\/","url":"https:\/\/www.bookingtime.com\/de\/eps\/kontakt-enterprise\/","name":"Kontakt - bookingtime","isPartOf":{"@id":"https:\/\/www.bookingtime.com\/de\/#website"},"primaryImageOfPage":{"@id":"https:\/\/www.bookingtime.com\/de\/eps\/kontakt-enterprise\/#primaryimage"},"image":{"@id":"https:\/\/www.bookingtime.com\/de\/eps\/kontakt-enterprise\/#primaryimage"},"thumbnailUrl":"https:\/\/www.bookingtime.com\/wp-content\/uploads\/2026\/01\/bookingtime_logo_og.jpg","datePublished":"2021-01-14T07:38:01+00:00","dateModified":"2026-01-12T11:52:27+00:00","breadcrumb":{"@id":"https:\/\/www.bookingtime.com\/de\/eps\/kontakt-enterprise\/#breadcrumb"},"inLanguage":"de","potentialAction":[{"@type":"ReadAction","target":["https:\/\/www.bookingtime.com\/de\/eps\/kontakt-enterprise\/"]}]},{"@type":"ImageObject","inLanguage":"de","@id":"https:\/\/www.bookingtime.com\/de\/eps\/kontakt-enterprise\/#primaryimage","url":"https:\/\/www.bookingtime.com\/wp-content\/uploads\/2026\/01\/bookingtime_logo_og.jpg","contentUrl":"https:\/\/www.bookingtime.com\/wp-content\/uploads\/2026\/01\/bookingtime_logo_og.jpg","width":1200,"height":630},{"@type":"BreadcrumbList","@id":"https:\/\/www.bookingtime.com\/de\/eps\/kontakt-enterprise\/#breadcrumb","itemListElement":[{"@type":"ListItem","position":1,"name":"Home","item":"https:\/\/www.bookingtime.com\/de\/"},{"@type":"ListItem","position":2,"name":"Homepage Enterprise","item":"https:\/\/www.bookingtime.com\/de\/eps\/"},{"@type":"ListItem","position":3,"name":"Kontakt"}]},{"@type":"WebSite","@id":"https:\/\/www.bookingtime.com\/de\/#website","url":"https:\/\/www.bookingtime.com\/de\/","name":"bookingtime","description":"","publisher":{"@id":"https:\/\/www.bookingtime.com\/de\/#organization"},"potentialAction":[{"@type":"SearchAction","target":{"@type":"EntryPoint","urlTemplate":"https:\/\/www.bookingtime.com\/de\/?s={search_term_string}"},"query-input":{"@type":"PropertyValueSpecification","valueRequired":true,"valueName":"search_term_string"}}],"inLanguage":"de"},{"@type":"Organization","@id":"https:\/\/www.bookingtime.com\/de\/#organization","name":"bookingtime GmbH","url":"https:\/\/www.bookingtime.com\/de\/","logo":{"@type":"ImageObject","inLanguage":"de","@id":"https:\/\/www.bookingtime.com\/de\/#\/schema\/logo\/image\/","url":"https:\/\/www.bookingtime.com\/wp-content\/uploads\/2024\/05\/bookingtime-logo.png","contentUrl":"https:\/\/www.bookingtime.com\/wp-content\/uploads\/2024\/05\/bookingtime-logo.png","width":1000,"height":175,"caption":"bookingtime GmbH"},"image":{"@id":"https:\/\/www.bookingtime.com\/de\/#\/schema\/logo\/image\/"}}]}},"_links":{"self":[{"href":"https:\/\/www.bookingtime.com\/de\/wp-json\/wp\/v2\/pages\/3132","targetHints":{"allow":["GET"]}}],"collection":[{"href":"https:\/\/www.bookingtime.com\/de\/wp-json\/wp\/v2\/pages"}],"about":[{"href":"https:\/\/www.bookingtime.com\/de\/wp-json\/wp\/v2\/types\/page"}],"author":[{"embeddable":true,"href":"https:\/\/www.bookingtime.com\/de\/wp-json\/wp\/v2\/users\/5"}],"replies":[{"embeddable":true,"href":"https:\/\/www.bookingtime.com\/de\/wp-json\/wp\/v2\/comments?post=3132"}],"version-history":[{"count":121,"href":"https:\/\/www.bookingtime.com\/de\/wp-json\/wp\/v2\/pages\/3132\/revisions"}],"predecessor-version":[{"id":26155,"href":"https:\/\/www.bookingtime.com\/de\/wp-json\/wp\/v2\/pages\/3132\/revisions\/26155"}],"up":[{"embeddable":true,"href":"https:\/\/www.bookingtime.com\/de\/wp-json\/wp\/v2\/pages\/14118"}],"wp:featuredmedia":[{"embeddable":true,"href":"https:\/\/www.bookingtime.com\/de\/wp-json\/wp\/v2\/media\/26633"}],"wp:attachment":[{"href":"https:\/\/www.bookingtime.com\/de\/wp-json\/wp\/v2\/media?parent=3132"}],"curies":[{"name":"wp","href":"https:\/\/api.w.org\/{rel}","templated":true}]}}